{"id":60,"date":"2024-08-25T06:59:48","date_gmt":"2024-08-24T23:59:48","guid":{"rendered":"https:\/\/smilesoftware.org\/?page_id=60"},"modified":"2025-08-23T01:00:49","modified_gmt":"2025-08-22T18:00:49","slug":"industry","status":"publish","type":"page","link":"https:\/\/smilesoftware.org\/vn\/industry\/","title":{"rendered":"Ng\u00e0nh"},"content":{"rendered":"<section id=\"services\" class=\"wp-block-themeisle-blocks-advanced-columns alignfull has-1-columns has-desktop-equal-layout has-tablet-equal-layout has-mobile-equal-layout has-vertical-flex-start has-light-bg\"><div class=\"wp-block-themeisle-blocks-advanced-columns-overlay\"><\/div><div class=\"innerblocks-wrap\">\n<div id=\"wp-block-themeisle-blocks-advanced-column-9642dc3f\" class=\"wp-block-themeisle-blocks-advanced-column\">\n<section id=\"wp-block-themeisle-blocks-advanced-columns-62d68e08\" class=\"wp-block-themeisle-blocks-advanced-columns has-1-columns has-desktop-equal-layout has-tablet-equal-layout has-mobile-equal-layout has-vertical-flex-start\"><div class=\"wp-block-themeisle-blocks-advanced-columns-overlay\"><\/div><div class=\"innerblocks-wrap\">\n<div id=\"wp-block-themeisle-blocks-advanced-column-ba020b38\" class=\"wp-block-themeisle-blocks-advanced-column\">\n<h2 class=\"wp-block-heading vi-font-family-text has-text-color has-link-color wp-elements-7eea633e63a18ecb5fb3fe0147be7442\" style=\"color:#070731;font-size:50px;line-height:1\">Ng\u00e0nh<\/h2>\n\n\n\n<p class=\"vi-font-family-text\">SMILE ch\u1ee7 y\u1ebfu cung c\u1ea5p c\u00e1c gi\u1ea3i ph\u00e1p CNTT cho kh\u00e1ch h\u00e0ng thu\u1ed9c nhi\u1ec1u ng\u00e0nh ngh\u1ec1 kh\u00e1c nhau nh\u01b0 x\u00e2y d\u1ef1ng, logistics - v\u1eadn t\u1ea3i, s\u1ea3n xu\u1ea5t, du l\u1ecbch, ch\u0103m s\u00f3c s\u1ee9c kh\u1ecfe, th\u01b0\u01a1ng m\u1ea1i \u0111i\u1ec7n t\u1eed, v.v. \u0110\u00e2y \u0111\u1ec1u l\u00e0 nh\u1eefng l\u0129nh v\u1ef1c m\u00e0 SMILE \u0111\u00e3 t\u1eebng tham gia trong nhi\u1ec1u d\u1ef1 \u00e1n tr\u01b0\u1edbc \u0111\u00e2y. Th\u00f4ng qua c\u00e1c d\u1ecbch v\u1ee5 t\u1ed1i \u01b0u ph\u00f9 h\u1ee3p v\u1edbi \u0111\u1eb7c th\u00f9 v\u00e0 th\u00e1ch th\u1ee9c c\u1ee7a t\u1eebng ng\u00e0nh, SMILE h\u1ed7 tr\u1ee3 s\u1ef1 ph\u00e1t tri\u1ec3n kinh doanh c\u1ee7a kh\u00e1ch h\u00e0ng.<\/p>\n<\/div>\n<\/div><\/section>\n\n\n\n<section id=\"wp-block-themeisle-blocks-advanced-columns-8221a617\" class=\"wp-block-themeisle-blocks-advanced-columns has-2-columns has-desktop-equal-layout has-tablet-equal-layout has-mobile-collapsedRows-layout has-vertical-flex-start has-light-bg ticss-5f5e0b42\"><div class=\"wp-block-themeisle-blocks-advanced-columns-overlay\"><\/div><div class=\"innerblocks-wrap\">\n<div id=\"wp-block-themeisle-blocks-advanced-column-a0efaca1\" class=\"wp-block-themeisle-blocks-advanced-column has-light-bg ticss-ae742627\">\n<figure class=\"wp-block-image size-large has-custom-border\"><img loading=\"lazy\" decoding=\"async\" width=\"1024\" height=\"683\" src=\"https:\/\/smilesoftware.org\/wp-content\/uploads\/2024\/11\/industry1-1024x683.jpg\" alt=\"\" class=\"wp-image-749\" style=\"border-style:none;border-width:0px;border-radius:0px;aspect-ratio:3\/2;object-fit:cover\" srcset=\"https:\/\/smilesoftware.org\/wp-content\/uploads\/2024\/11\/industry1-1024x683.jpg 1024w, https:\/\/smilesoftware.org\/wp-content\/uploads\/2024\/11\/industry1-300x200.jpg 300w, https:\/\/smilesoftware.org\/wp-content\/uploads\/2024\/11\/industry1-768x512.jpg 768w, https:\/\/smilesoftware.org\/wp-content\/uploads\/2024\/11\/industry1-930x620.jpg 930w, https:\/\/smilesoftware.org\/wp-content\/uploads\/2024\/11\/industry1.jpg 1316w\" sizes=\"auto, (max-width: 1024px) 100vw, 1024px\" \/><\/figure>\n\n\n\n<div id=\"wp-block-themeisle-blocks-advanced-columns-9ba29e73\" class=\"wp-block-themeisle-blocks-advanced-columns has-1-columns has-desktop-equal-layout has-tablet-equal-layout has-mobile-equal-layout has-vertical-unset has-default-gap\"><div class=\"wp-block-themeisle-blocks-advanced-columns-overlay\"><\/div><div class=\"innerblocks-wrap\">\n<div id=\"wp-block-themeisle-blocks-advanced-column-ff89ae48\" class=\"wp-block-themeisle-blocks-advanced-column\">\n<h4 class=\"wp-block-heading vi-font-family-text has-text-color has-link-color wp-elements-7e6170bdce72f6e77fc55761af7884c0\" style=\"color:#070731;margin-top:0px;padding-top:20px;padding-bottom:0px\">Ng\u00e0nh x\u00e2y d\u1ef1ng<\/h4>\n\n\n\n<p class=\"vi-font-family-text has-text-color has-link-color wp-elements-9cceeae208e5ad1aa93b32df49d57ec7\" style=\"color:#070731\">SMILE \u0111\u00e3 t\u00edch l\u0169y nhi\u1ec1u kinh nghi\u1ec7m trong \u0111a d\u1ea1ng l\u0129nh v\u1ef1c c\u1ee7a ng\u00e0nh x\u00e2y d\u1ef1ng nh\u01b0 thi\u1ebft k\u1ebf, thi c\u00f4ng, gi\u00e1m s\u00e1t v\u00e0 ki\u1ec3m tra c\u00f4ng tr\u00ecnh.<br>\nV\u1edbi n\u0103ng l\u1ef1c k\u1ef9 thu\u1eadt v\u1eefng ch\u1eafc v\u00e0 kinh nghi\u1ec7m th\u1ef1c ti\u1ec5n phong ph\u00fa, SMILE mang \u0111\u1ebfn c\u00e1c d\u1ecbch v\u1ee5 \u0111\u00e1ng tin c\u1eady, \u0111\u00e1p \u1ee9ng k\u1ef3 v\u1ecdng c\u1ee7a kh\u00e1ch h\u00e0ng.<\/p>\n<\/div>\n<\/div><\/div>\n<\/div>\n\n\n\n<div id=\"wp-block-themeisle-blocks-advanced-column-5d63bdce\" class=\"wp-block-themeisle-blocks-advanced-column has-light-bg ticss-ae742627\">\n<figure class=\"wp-block-image size-full has-custom-border\"><img loading=\"lazy\" decoding=\"async\" width=\"800\" height=\"534\" src=\"https:\/\/smilesoftware.org\/wp-content\/uploads\/2025\/03\/\u7269\u6d41.jpg\" alt=\"\" class=\"wp-image-1158\" style=\"border-style:none;border-width:0px;border-radius:0px;aspect-ratio:3\/2;object-fit:cover\" srcset=\"https:\/\/smilesoftware.org\/wp-content\/uploads\/2025\/03\/\u7269\u6d41.jpg 800w, https:\/\/smilesoftware.org\/wp-content\/uploads\/2025\/03\/\u7269\u6d41-300x200.jpg 300w, https:\/\/smilesoftware.org\/wp-content\/uploads\/2025\/03\/\u7269\u6d41-768x513.jpg 768w\" sizes=\"auto, (max-width: 800px) 100vw, 800px\" \/><\/figure>\n\n\n\n<div id=\"wp-block-themeisle-blocks-advanced-columns-e2e1afc3\" class=\"wp-block-themeisle-blocks-advanced-columns has-1-columns has-desktop-equal-layout has-tablet-equal-layout has-mobile-equal-layout has-vertical-unset has-default-gap\"><div class=\"wp-block-themeisle-blocks-advanced-columns-overlay\"><\/div><div class=\"innerblocks-wrap\">\n<div id=\"wp-block-themeisle-blocks-advanced-column-0135d15b\" class=\"wp-block-themeisle-blocks-advanced-column\">\n<h4 class=\"wp-block-heading vi-font-family-text has-text-color has-link-color wp-elements-36838c0bb8e844742d7e8919029901e2\" style=\"color:#070731;margin-top:0px;padding-top:20px;padding-bottom:0px\">Logistics &amp; V\u1eadn t\u1ea3i<\/h4>\n\n\n\n<p class=\"has-text-align-left vi-font-family-text has-text-color has-link-color wp-elements-260202b1963af49078d3c7d5d1c11aa3\" style=\"color:#070731\">SMILE cung c\u1ea5p c\u00e1c gi\u1ea3i ph\u00e1p ph\u00e1t tri\u1ec3n h\u1ec7 th\u1ed1ng d\u00e0nh cho ng\u00e0nh logistics, gi\u00fap n\u00e2ng cao hi\u1ec7u qu\u1ea3 v\u1eadn h\u00e0nh v\u00e0 t\u1ed1i \u01b0u h\u00f3a chi ph\u00ed.<br>\nSMILE h\u1ed7 tr\u1ee3 m\u1ea1nh m\u1ebd qu\u00e1 tr\u00ecnh chuy\u1ec3n \u0111\u1ed5i s\u1ed1 (DX) c\u1ee7a doanh nghi\u1ec7p th\u00f4ng qua c\u00e1c gi\u1ea3i ph\u00e1p nh\u01b0 qu\u1ea3n l\u00fd t\u1ed3n kho b\u1eb1ng AI, theo d\u00f5i giao h\u00e0ng theo th\u1eddi gian th\u1ef1c, v\u00e0 t\u1ef1 \u0111\u1ed9ng h\u00f3a quy tr\u00ecnh \u0111\u1eb7t h\u00e0ng. \ud83d\ude9a<\/p>\n<\/div>\n<\/div><\/div>\n<\/div>\n<\/div><\/section>\n\n\n\n<section id=\"wp-block-themeisle-blocks-advanced-columns-c568fbc0\" class=\"wp-block-themeisle-blocks-advanced-columns has-2-columns has-desktop-equal-layout has-tablet-equal-layout has-mobile-collapsedRows-layout has-vertical-flex-start has-light-bg ticss-5f5e0b42\"><div class=\"wp-block-themeisle-blocks-advanced-columns-overlay\"><\/div><div class=\"innerblocks-wrap\">\n<div id=\"wp-block-themeisle-blocks-advanced-column-41ba7b58\" class=\"wp-block-themeisle-blocks-advanced-column has-light-bg ticss-c6bd23e9\">\n<figure class=\"wp-block-image size-full has-custom-border\"><img loading=\"lazy\" decoding=\"async\" width=\"900\" height=\"360\" src=\"https:\/\/smilesoftware.org\/wp-content\/uploads\/2025\/03\/\u88fd\u9020\u696d.jpg\" alt=\"\" class=\"wp-image-1159\" style=\"border-style:none;border-width:0px;border-radius:0px;aspect-ratio:3\/2;object-fit:cover\" srcset=\"https:\/\/smilesoftware.org\/wp-content\/uploads\/2025\/03\/\u88fd\u9020\u696d.jpg 900w, https:\/\/smilesoftware.org\/wp-content\/uploads\/2025\/03\/\u88fd\u9020\u696d-300x120.jpg 300w, https:\/\/smilesoftware.org\/wp-content\/uploads\/2025\/03\/\u88fd\u9020\u696d-768x307.jpg 768w\" sizes=\"auto, (max-width: 900px) 100vw, 900px\" \/><\/figure>\n\n\n\n<div id=\"wp-block-themeisle-blocks-advanced-columns-352c1902\" class=\"wp-block-themeisle-blocks-advanced-columns has-1-columns has-desktop-equal-layout has-tablet-equal-layout has-mobile-equal-layout has-vertical-unset has-default-gap\"><div class=\"wp-block-themeisle-blocks-advanced-columns-overlay\"><\/div><div class=\"innerblocks-wrap\">\n<div id=\"wp-block-themeisle-blocks-advanced-column-18be5e4b\" class=\"wp-block-themeisle-blocks-advanced-column\">\n<h4 class=\"wp-block-heading vi-font-family-text has-text-color has-link-color wp-elements-62d146bb4288d3b467bf9c6505749c20\" style=\"color:#070731;margin-top:0px;padding-top:20px\">Ng\u00e0nh s\u1ea3n xu\u1ea5t<\/h4>\n\n\n\n<p class=\"vi-font-family-text has-text-color has-link-color wp-elements-18d1599fe127bd024ba5ea845a09a02a\" style=\"color:#070731\">SMILE cung c\u1ea5p c\u00e1c gi\u1ea3i ph\u00e1p CNTT d\u00e0nh cho ng\u00e0nh s\u1ea3n xu\u1ea5t, h\u1ed7 tr\u1ee3 t\u1ed1i \u01b0u h\u00f3a quy tr\u00ecnh v\u1eadn h\u00e0nh v\u00e0 c\u1eaft gi\u1ea3m chi ph\u00ed.<br>\nSMILE \u0111\u1ed3ng h\u00e0nh c\u00f9ng doanh nghi\u1ec7p trong vi\u1ec7c \u1ee9ng d\u1ee5ng IoT v\u00e0 AI \u0111\u1ec3 qu\u1ea3n l\u00fd thi\u1ebft b\u1ecb, t\u1ef1 \u0111\u1ed9ng h\u00f3a quy tr\u00ecnh s\u1ea3n xu\u1ea5t, v\u00e0 n\u00e2ng cao ch\u1ea5t l\u01b0\u1ee3ng s\u1ea3n ph\u1ea9m.<\/p>\n<\/div>\n<\/div><\/div>\n<\/div>\n\n\n\n<div id=\"wp-block-themeisle-blocks-advanced-column-4f793158\" class=\"wp-block-themeisle-blocks-advanced-column has-light-bg ticss-e52657a3\">\n<figure class=\"wp-block-image size-full has-custom-border\"><img loading=\"lazy\" decoding=\"async\" width=\"730\" height=\"410\" src=\"https:\/\/smilesoftware.org\/wp-content\/uploads\/2024\/11\/post_22551_01-730x410-1.jpg\" alt=\"\" class=\"wp-image-818\" style=\"border-style:none;border-width:0px;border-radius:0px;aspect-ratio:3\/2;object-fit:cover\" srcset=\"https:\/\/smilesoftware.org\/wp-content\/uploads\/2024\/11\/post_22551_01-730x410-1.jpg 730w, https:\/\/smilesoftware.org\/wp-content\/uploads\/2024\/11\/post_22551_01-730x410-1-300x168.jpg 300w\" sizes=\"auto, (max-width: 730px) 100vw, 730px\" \/><\/figure>\n\n\n\n<div id=\"wp-block-themeisle-blocks-advanced-columns-f73afe23\" class=\"wp-block-themeisle-blocks-advanced-columns has-1-columns has-desktop-equal-layout has-tablet-equal-layout has-mobile-equal-layout has-vertical-unset has-default-gap\"><div class=\"wp-block-themeisle-blocks-advanced-columns-overlay\"><\/div><div class=\"innerblocks-wrap\">\n<div id=\"wp-block-themeisle-blocks-advanced-column-4a7e6013\" class=\"wp-block-themeisle-blocks-advanced-column\">\n<h4 class=\"wp-block-heading vi-font-family-text has-text-color has-link-color wp-elements-7cb9ca52d79af1d3b126de6673cea92b\" style=\"color:#070731;margin-top:0px;padding-top:20px\">Ng\u00e0nh du l\u1ecbch<\/h4>\n\n\n\n<p class=\"vi-font-family-text has-text-color has-link-color wp-elements-fe1787724308f955f533e09040f478e2\" style=\"color:#070731\">Trong l\u0129nh v\u1ef1c du l\u1ecbch, SMILE ph\u00e1t tri\u1ec3n c\u00e1c h\u1ec7 th\u1ed1ng qu\u1ea3n l\u00fd \u0111\u1eb7t ch\u1ed7 cho kh\u00e1ch s\u1ea1n, v\u00e9 m\u00e1y bay, tour du l\u1ecbch,\u2026<br>\nB\u00ean c\u1ea1nh \u0111\u00f3, SMILE c\u00f2n khai th\u00e1c d\u1eef li\u1ec7u v\u1ec1 s\u1edf th\u00edch v\u00e0 h\u00e0nh vi c\u1ee7a du kh\u00e1ch nh\u1eb1m h\u1ed7 tr\u1ee3 ph\u00e2n t\u00edch, g\u00f3p ph\u1ea7n n\u00e2ng cao gi\u00e1 tr\u1ecb tr\u1ea3i nghi\u1ec7m v\u00e0 m\u1ee9c \u0111\u1ed9 h\u00e0i l\u00f2ng c\u1ee7a kh\u00e1ch h\u00e0ng.<\/p>\n<\/div>\n<\/div><\/div>\n<\/div>\n<\/div><\/section>\n\n\n\n<section id=\"wp-block-themeisle-blocks-advanced-columns-875ace6e\" class=\"wp-block-themeisle-blocks-advanced-columns has-2-columns has-desktop-equal-layout has-tablet-equal-layout has-mobile-collapsedRows-layout has-vertical-flex-start has-light-bg\"><div class=\"wp-block-themeisle-blocks-advanced-columns-overlay\"><\/div><div class=\"innerblocks-wrap\">\n<div id=\"wp-block-themeisle-blocks-advanced-column-40db6121\" class=\"wp-block-themeisle-blocks-advanced-column has-light-bg ticss-c6bd23e9\">\n<figure class=\"wp-block-image size-full has-custom-border\"><img loading=\"lazy\" decoding=\"async\" width=\"933\" height=\"630\" src=\"https:\/\/smilesoftware.org\/wp-content\/uploads\/2024\/11\/industry2.png\" alt=\"\" class=\"wp-image-751\" style=\"border-style:none;border-width:0px;border-radius:0px;aspect-ratio:3\/2;object-fit:cover\" srcset=\"https:\/\/smilesoftware.org\/wp-content\/uploads\/2024\/11\/industry2.png 933w, https:\/\/smilesoftware.org\/wp-content\/uploads\/2024\/11\/industry2-300x203.png 300w, https:\/\/smilesoftware.org\/wp-content\/uploads\/2024\/11\/industry2-768x519.png 768w\" sizes=\"auto, (max-width: 933px) 100vw, 933px\" \/><\/figure>\n\n\n\n<div id=\"wp-block-themeisle-blocks-advanced-columns-23f47e1b\" class=\"wp-block-themeisle-blocks-advanced-columns has-1-columns has-desktop-equal-layout has-tablet-equal-layout has-mobile-equal-layout has-vertical-unset has-default-gap\"><div class=\"wp-block-themeisle-blocks-advanced-columns-overlay\"><\/div><div class=\"innerblocks-wrap\">\n<div id=\"wp-block-themeisle-blocks-advanced-column-c84a296a\" class=\"wp-block-themeisle-blocks-advanced-column\">\n<h4 class=\"wp-block-heading vi-font-family-text has-text-color has-link-color wp-elements-893707e923e64fa9db0cad0750bae1cf\" style=\"color:#070731;margin-top:0px;padding-top:20px\">Ch\u0103m s\u00f3c s\u1ee9c kh\u1ecfe<\/h4>\n\n\n\n<p class=\"vi-font-family-text has-text-color has-link-color wp-elements-71ca2ec9e3aaa349e6f9fd1ebdd06283\" style=\"color:#070731\">Trong l\u0129nh v\u1ef1c ch\u0103m s\u00f3c s\u1ee9c kh\u1ecfe, ch\u00fang t\u00f4i ph\u00e1t tri\u1ec3n c\u00e1c h\u1ec7 th\u1ed1ng \u0111\u1eb7t l\u1ecbch kh\u00e1m, kh\u00e1m b\u1ec7nh t\u1eeb xa v\u00e0 s\u1ed5 thu\u1ed1c \u0111i\u1ec7n t\u1eed.<br>\nSMILE h\u1ed7 tr\u1ee3 n\u00e2ng cao s\u1ef1 ti\u1ec7n l\u1ee3i cho c\u1ea3 \u0111\u1ed9i ng\u0169 y t\u1ebf v\u00e0 b\u1ec7nh nh\u00e2n, g\u00f3p ph\u1ea7n hi\u1ec7n \u0111\u1ea1i h\u00f3a ho\u1ea1t \u0111\u1ed9ng kh\u00e1m ch\u1eefa b\u1ec7nh th\u00f4ng qua c\u00e1c gi\u1ea3i ph\u00e1p c\u00f4ng ngh\u1ec7 ti\u00ean ti\u1ebfn.<\/p>\n<\/div>\n<\/div><\/div>\n<\/div>\n\n\n\n<div id=\"wp-block-themeisle-blocks-advanced-column-8900f559\" class=\"wp-block-themeisle-blocks-advanced-column has-light-bg ticss-43494ffb\">\n<figure class=\"wp-block-image size-full has-custom-border\"><img loading=\"lazy\" decoding=\"async\" width=\"684\" height=\"453\" src=\"https:\/\/smilesoftware.org\/wp-content\/uploads\/2024\/11\/industry3.png\" alt=\"\" class=\"wp-image-754\" style=\"border-style:none;border-width:0px;border-radius:0px;aspect-ratio:3\/2;object-fit:cover\" srcset=\"https:\/\/smilesoftware.org\/wp-content\/uploads\/2024\/11\/industry3.png 684w, https:\/\/smilesoftware.org\/wp-content\/uploads\/2024\/11\/industry3-300x199.png 300w\" sizes=\"auto, (max-width: 684px) 100vw, 684px\" \/><\/figure>\n\n\n\n<div id=\"wp-block-themeisle-blocks-advanced-columns-67d1dc0a\" class=\"wp-block-themeisle-blocks-advanced-columns has-1-columns has-desktop-equal-layout has-tablet-equal-layout has-mobile-equal-layout has-vertical-unset has-default-gap\"><div class=\"wp-block-themeisle-blocks-advanced-columns-overlay\"><\/div><div class=\"innerblocks-wrap\">\n<div id=\"wp-block-themeisle-blocks-advanced-column-373625ce\" class=\"wp-block-themeisle-blocks-advanced-column\">\n<h4 class=\"wp-block-heading vi-font-family-text has-text-color has-link-color wp-elements-4ccbc6aedae12ac89b01d0333b287680\" style=\"color:#070731;margin-top:0px;padding-top:20px\">Th\u01b0\u01a1ng m\u1ea1i \u0111i\u1ec7n t\u1eed (E-Commerce)<\/h4>\n\n\n\n<p class=\"vi-font-family-text has-text-color has-link-color wp-elements-ec04e220fb749e39ea2ee09a6c7d3fa9\" style=\"color:#070731\">Ch\u00fang t\u00f4i cung c\u1ea5p c\u00e1c gi\u1ea3i ph\u00e1p to\u00e0n di\u1ec7n gi\u00fap th\u00fac \u0111\u1ea9y ho\u1ea1t \u0111\u1ed9ng kinh doanh th\u01b0\u01a1ng m\u1ea1i \u0111i\u1ec7n t\u1eed \u2014 t\u1eeb h\u1ec7 th\u1ed1ng thanh to\u00e1n, ch\u0103m s\u00f3c kh\u00e1ch h\u00e0ng, qu\u1ea3n l\u00fd kho h\u00e0ng, \u0111\u1ebfn ph\u00e2n t\u00edch d\u1eef li\u1ec7u, t\u1ed1i \u01b0u h\u00f3a SEO v\u00e0 n\u1ed9i dung.<br>\nSMILE \u0111\u1ed3ng h\u00e0nh c\u00f9ng doanh nghi\u1ec7p trong vi\u1ec7c m\u1edf r\u1ed9ng quy m\u00f4, n\u00e2ng cao hi\u1ec7u su\u1ea5t v\u00e0 c\u1ea3i thi\u1ec7n tr\u1ea3i nghi\u1ec7m ng\u01b0\u1eddi d\u00f9ng.<\/p>\n<\/div>\n<\/div><\/div>\n<\/div>\n<\/div><\/section>\n<\/div>\n<\/div><\/section>\n\n\n\n<div class=\"wp-block-cover alignfull\" style=\"min-height:300px;aspect-ratio:unset;\"><span aria-hidden=\"true\" class=\"wp-block-cover__background has-background-dim-100 has-background-dim\" style=\"background-color:#003575\"><\/span><div class=\"wp-block-cover__inner-container is-layout-flow wp-block-cover-is-layout-flow\">\n<div style=\"height:140px\" aria-hidden=\"true\" class=\"wp-block-spacer\"><\/div>\n\n\n\n<div class=\"wp-block-columns is-layout-flex wp-container-core-columns-is-layout-9d6595d7 wp-block-columns-is-layout-flex\">\n<div class=\"wp-block-column is-layout-flow wp-block-column-is-layout-flow\" style=\"flex-basis:100%\">\n<div class=\"wp-block-group\"><div class=\"wp-block-group__inner-container is-layout-constrained wp-block-group-is-layout-constrained\">\n<h2 class=\"wp-block-heading has-text-align-center vi-font-family-text has-nv-text-dark-bg-color has-text-color\">Kh\u01a1i d\u1eady ti\u1ec1m n\u0103ng - Ki\u1ebfn t\u1ea1o t\u01b0\u01a1ng lai<\/h2>\n\n\n\n<p class=\"has-text-align-center ticss-5d29c21e vi-font-family-text has-nv-text-dark-bg-color has-text-color has-link-color wp-elements-fd97bc61a8ef18d813deb24e4a44f5a5\">V\u1edbi t\u1ea7m nh\u00ecn \u201cKh\u01a1i d\u1eady ti\u1ec1m n\u0103ng - Ki\u1ebfn t\u1ea1o t\u01b0\u01a1ng lai\u201d, SMILE cam k\u1ebft \u0111\u1ed3ng h\u00e0nh v\u00e0 t\u1eadn t\u00e2m h\u1ed7 tr\u1ee3 s\u1ef1 ph\u00e1t tri\u1ec3n b\u1ec1n v\u1eefng c\u1ee7a Qu\u00fd kh\u00e1ch h\u00e0ng.<\/p>\n\n\n\n<p class=\"has-text-align-center vi-font-family-text has-nv-text-dark-bg-color has-text-color has-link-color wp-elements-09ff4753d610e02db529d14b5055000b\">H\u00e3y c\u00f9ng nhau \u0111\u1ed3ng h\u00e0nh \u0111\u1ec3 ki\u1ebfn t\u1ea1o n\u00ean m\u1ed9t t\u01b0\u01a1ng lai r\u1ef1c r\u1ee1 v\u00e0 th\u1ecbnh v\u01b0\u1ee3ng h\u01a1n.<\/p>\n\n\n\n<div class=\"wp-block-buttons is-horizontal is-content-justification-center is-layout-flex wp-container-core-buttons-is-layout-499968f5 wp-block-buttons-is-layout-flex\">\n<div class=\"wp-block-button is-style-primary vi-font-family-text\"><a class=\"wp-block-button__link has-neve-link-color-color has-text-color has-background has-link-color wp-element-button\" href=\"https:\/\/smilesoftware.org\/vn\/contact\/\" style=\"background-color:#ffffff\">Li\u00ean h\u1ec7<\/a><\/div>\n<\/div>\n<\/div><\/div>\n<\/div>\n<\/div>\n\n\n\n<div style=\"height:140px\" aria-hidden=\"true\" class=\"wp-block-spacer\"><\/div>\n<\/div><\/div>","protected":false},"excerpt":{"rendered":"","protected":false},"author":1,"featured_media":0,"parent":0,"menu_order":0,"comment_status":"closed","ping_status":"closed","template":"","meta":{"_acf_changed":false,"neve_meta_sidebar":"","neve_meta_container":"","neve_meta_enable_content_width":"","neve_meta_content_width":0,"neve_meta_title_alignment":"","neve_meta_author_avatar":"","neve_post_elements_order":"","neve_meta_disable_header":"","neve_meta_disable_footer":"","neve_meta_disable_title":"on","_price":"","_stock":"","_tribe_ticket_header":"","_tribe_default_ticket_provider":"","_ticket_start_date":"","_ticket_end_date":"","_tribe_ticket_show_description":"","_tribe_ticket_show_not_going":false,"_tribe_ticket_use_global_stock":"","_tribe_ticket_global_stock_level":"","_global_stock_mode":"","_global_stock_cap":"","_tribe_rsvp_for_event":"","_tribe_ticket_going_count":"","_tribe_ticket_not_going_count":"","_tribe_tickets_list":"[]","_tribe_ticket_has_attendee_info_fields":false,"_themeisle_gutenberg_block_has_review":false,"_ti_tpc_template_sync":false,"_ti_tpc_template_id":"","footnotes":"","_tec_slr_enabled":"","_tec_slr_layout":""},"class_list":["post-60","page","type-page","status-publish","hentry"],"acf":[],"rttpg_featured_image_url":null,"rttpg_author":{"display_name":"admin","author_link":"https:\/\/smilesoftware.org\/vn\/author\/admin\/"},"rttpg_comment":0,"rttpg_category":null,"rttpg_excerpt":null,"ticketed":false,"_links":{"self":[{"href":"https:\/\/smilesoftware.org\/vn\/wp-json\/wp\/v2\/pages\/60","targetHints":{"allow":["GET"]}}],"collection":[{"href":"https:\/\/smilesoftware.org\/vn\/wp-json\/wp\/v2\/pages"}],"about":[{"href":"https:\/\/smilesoftware.org\/vn\/wp-json\/wp\/v2\/types\/page"}],"author":[{"embeddable":true,"href":"https:\/\/smilesoftware.org\/vn\/wp-json\/wp\/v2\/users\/1"}],"replies":[{"embeddable":true,"href":"https:\/\/smilesoftware.org\/vn\/wp-json\/wp\/v2\/comments?post=60"}],"version-history":[{"count":54,"href":"https:\/\/smilesoftware.org\/vn\/wp-json\/wp\/v2\/pages\/60\/revisions"}],"predecessor-version":[{"id":2957,"href":"https:\/\/smilesoftware.org\/vn\/wp-json\/wp\/v2\/pages\/60\/revisions\/2957"}],"wp:attachment":[{"href":"https:\/\/smilesoftware.org\/vn\/wp-json\/wp\/v2\/media?parent=60"}],"curies":[{"name":"wp","href":"https:\/\/api.w.org\/{rel}","templated":true}]}}