{"id":18,"date":"2024-08-03T15:46:33","date_gmt":"2024-08-03T08:46:33","guid":{"rendered":"https:\/\/smilesoftware.org\/?page_id=18"},"modified":"2025-09-02T09:59:20","modified_gmt":"2025-09-02T02:59:20","slug":"contact","status":"publish","type":"page","link":"https:\/\/smilesoftware.org\/vn\/contact\/","title":{"rendered":"Li\u00ean h\u1ec7"},"content":{"rendered":"<div class=\"wp-block-group\"><div class=\"wp-block-group__inner-container is-layout-constrained wp-block-group-is-layout-constrained\">\n<h2 class=\"wp-block-heading has-text-align-center ticss-9a71e1f0 vi-font-family-text\">Li\u00ean h\u1ec7<\/h2>\n<\/div><\/div>\n\n\n\n<div class=\"wp-block-cover alignfull\" style=\"padding-right:0;padding-left:0;min-height:300px;aspect-ratio:unset;\"><span aria-hidden=\"true\" class=\"wp-block-cover__background has-nv-site-bg-background-color has-background-dim-100 has-background-dim\"><\/span><div class=\"wp-block-cover__inner-container is-layout-flow wp-block-cover-is-layout-flow\">\n<div class=\"wp-block-contact-form-7-contact-form-selector custom-contact-form\" style=\"margin-bottom: 36px\">\n<div class=\"wpcf7 no-js\" id=\"wpcf7-f203-o1\" lang=\"en-US\" dir=\"ltr\">\n<div class=\"screen-reader-response\"><p role=\"status\" aria-live=\"polite\" aria-atomic=\"true\"><\/p> <ul><\/ul><\/div>\n<form action=\"\/vn\/wp-json\/wp\/v2\/pages\/18#wpcf7-f203-o1\" method=\"post\" class=\"wpcf7-form init\" aria-label=\"Contact form\" novalidate=\"novalidate\" data-status=\"init\" data-trp-original-action=\"\/vn\/wp-json\/wp\/v2\/pages\/18#wpcf7-f203-o1\">\n<div style=\"display: none;\">\n<input type=\"hidden\" name=\"_wpcf7\" value=\"203\" \/>\n<input type=\"hidden\" name=\"_wpcf7_version\" value=\"5.9.8\" \/>\n<input type=\"hidden\" name=\"_wpcf7_locale\" value=\"en_US\" \/>\n<input type=\"hidden\" name=\"_wpcf7_unit_tag\" value=\"wpcf7-f203-o1\" \/>\n<input type=\"hidden\" name=\"_wpcf7_container_post\" value=\"0\" \/>\n<input type=\"hidden\" name=\"_wpcf7_posted_data_hash\" value=\"\" \/>\n<\/div>\n<p><label class=\"contact-form-label\"> Lo\u1ea1i h\u00ecnh li\u00ean h\u1ec7<span class=\"form-required\">*<\/span><br \/>\n<span class=\"wpcf7-form-control-wrap\" data-name=\"contact-type\"><select class=\"wpcf7-form-control wpcf7-select wpcf7-validates-as-required contact-form-select\" aria-required=\"true\" aria-invalid=\"false\" name=\"contact-type\"><option value=\"\u30b5\u30fc\u30d3\u30b9\u5185\u5bb9\u306e\u304a\u554f\u3044\u5408\u308f\u305b\">Li\u00ean h\u1ec7 v\u1ec1 n\u1ed9i dung d\u1ecbch v\u1ee5<\/option><option value=\"\u65b0\u898f\u3054\u767a\u6ce8\u3001\u304a\u898b\u7a4d\u4f9d\u983c\u3001\u958b\u767a\u6848\u4ef6\u306e\u3054\u76f8\u8ac7\">\u0110\u1eb7t h\u00e0ng m\u1edbi, y\u00eau c\u1ea7u b\u00e1o gi\u00e1, t\u01b0 v\u1ea5n d\u1ef1 \u00e1n ph\u00e1t tri\u1ec3n<\/option><option value=\"\u53d6\u6750 \u30fb\u5831\u9053\u95a2\u4fc2\u8005\u69d8\u304b\u3089\u306e\u304a\u554f\u3044\u5408\u308f\u305b\">Li\u00ean h\u1ec7 t\u1eeb ph\u00eda c\u01a1 quan b\u00e1o ch\u00ed v\u00e0 truy\u1ec1n th\u00f4ng<\/option><option value=\"\u63a1\u7528\u306b\u95a2\u3059\u308b\u304a\u554f\u3044\u5408\u308f\u305b\">Li\u00ean h\u1ec7 li\u00ean quan v\u1ec1 tuy\u1ec3n d\u1ee5ng<\/option><option value=\"\u305d\u306e\u4ed6\u306e\u304a\u554f\u3044\u5408\u308f\u305b\">Li\u00ean h\u1ec7 kh\u00e1c<\/option><\/select><\/span><br \/>\n<\/label>\n<\/p>\n<p><label class=\"contact-form-label\"> T\u00ean c\u00f4ng ty<span class=\"form-required\">*<\/span><br \/>\n<span class=\"wpcf7-form-control-wrap\" data-name=\"company-name\"><input size=\"40\" maxlength=\"400\" class=\"wpcf7-form-control wpcf7-text wpcf7-validates-as-required contact-placeholder\" aria-required=\"true\" aria-invalid=\"false\" placeholder=\"Vui l\u00f2ng nh\u1eadp t\u00ean c\u00f4ng ty\" value=\"\" type=\"text\" name=\"company-name\" \/><\/span><br \/>\n<\/label>\n<\/p>\n<p><label class=\"contact-form-label\"> T\u00ean b\u1ed9 ph\u1eadn<br \/>\n<span class=\"wpcf7-form-control-wrap\" data-name=\"your-department\"><input size=\"40\" maxlength=\"400\" class=\"wpcf7-form-control wpcf7-text contact-placeholder\" aria-invalid=\"false\" placeholder=\"Vui l\u00f2ng nh\u1eadp t\u00ean b\u1ed9 ph\u1eadn\" value=\"\" type=\"text\" name=\"your-department\" \/><\/span><br \/>\n<\/label>\n<\/p>\n<p><label class=\"contact-form-label\"> Ch\u1ee9c v\u1ee5<span class=\"form-required\">*<\/span><br \/>\n<span class=\"wpcf7-form-control-wrap\" data-name=\"position\"><input size=\"40\" maxlength=\"400\" class=\"wpcf7-form-control wpcf7-text wpcf7-validates-as-required contact-placeholder\" aria-required=\"true\" aria-invalid=\"false\" placeholder=\"Vui l\u00f2ng nh\u1eadp ch\u1ee9c v\u1ee5\" value=\"\" type=\"text\" name=\"position\" \/><\/span><br \/>\n<\/label>\n<\/p>\n<p><label class=\"contact-form-label\"> H\u1ecd v\u00e0 t\u00ean<span class=\"form-required\">*<\/span><br \/>\n<span class=\"wpcf7-form-control-wrap\" data-name=\"full-name\"><input size=\"40\" maxlength=\"400\" class=\"wpcf7-form-control wpcf7-text wpcf7-validates-as-required contact-placeholder\" aria-required=\"true\" aria-invalid=\"false\" placeholder=\"Vui l\u00f2ng nh\u1eadp h\u1ecd v\u00e0 t\u00ean\" value=\"\" type=\"text\" name=\"full-name\" \/><\/span><br \/>\n<\/label>\n<\/p>\n<p><label class=\"contact-form-label\"> \u0110\u1ecba ch\u1ec9 email<span class=\"form-required\">*<\/span><br \/>\n<span class=\"wpcf7-form-control-wrap\" data-name=\"business-email\"><input size=\"40\" maxlength=\"400\" class=\"wpcf7-form-control wpcf7-email wpcf7-validates-as-required wpcf7-text wpcf7-validates-as-email contact-placeholder\" aria-required=\"true\" aria-invalid=\"false\" placeholder=\"Vui l\u00f2ng nh\u1eadp \u0111\u1ecba ch\u1ec9 email\" value=\"\" type=\"email\" name=\"business-email\" \/><\/span><br \/>\n<\/label>\n<\/p>\n<p><label class=\"contact-form-label\"> S\u1ed1 \u0111i\u1ec7n tho\u1ea1i li\u00ean h\u1ec7<span class=\"form-required\">*<\/span><br \/>\n<span class=\"wpcf7-form-control-wrap\" data-name=\"tel\"><input size=\"40\" maxlength=\"400\" class=\"wpcf7-form-control wpcf7-tel wpcf7-validates-as-required wpcf7-text wpcf7-validates-as-tel contact-placeholder\" aria-required=\"true\" aria-invalid=\"false\" placeholder=\"Vui l\u00f2ng nh\u1eadp s\u1ed1 \u0111i\u1ec7n tho\u1ea1i\" value=\"\" type=\"tel\" name=\"tel\" \/><\/span><br \/>\n<\/label>\n<\/p>\n<p><label class=\"contact-form-label\"> Trang web c\u00f4ng ty<br \/>\n<span class=\"wpcf7-form-control-wrap\" data-name=\"homepage\"><input size=\"40\" maxlength=\"400\" class=\"wpcf7-form-control wpcf7-url wpcf7-text wpcf7-validates-as-url contact-url-homepage\" aria-invalid=\"false\" placeholder=\"Vui l\u00f2ng nh\u1eadp URL trang web\" value=\"\" type=\"url\" name=\"homepage\" \/><\/span><br \/>\n<\/label>\n<\/p>\n<p><label class=\"contact-form-label\"> Ng\u00e0nh<span class=\"form-required\">*<\/span><br \/>\n<span class=\"wpcf7-form-control-wrap\" data-name=\"business-type\"><select class=\"wpcf7-form-control wpcf7-select wpcf7-validates-as-required contact-form-select\" aria-required=\"true\" aria-invalid=\"false\" name=\"business-type\"><option value=\"\u5efa\u8a2d\u696d\">Ng\u00e0nh x\u00e2y d\u1ef1ng<\/option><option value=\"\u88fd\u9020\u696d\">Ng\u00e0nh s\u1ea3n xu\u1ea5t<\/option><option value=\"\u96fb\u6c17\u30fb\u30ac\u30b9\">\u0110i\u1ec7n &amp; gas<\/option><option value=\"\u904b\u8f38\u901a\u4fe1\u696d\">Ng\u00e0nh v\u1eadn t\u1ea3i v\u00e0 vi\u1ec5n th\u00f4ng<\/option><option value=\"\u5378\u58f2\u5c0f\u58f2\">B\u00e1n bu\u00f4n v\u00e0 b\u00e1n l\u1ebb<\/option><option value=\"\u98f2\u98df\u696d\">Ng\u00e0nh \u0103n u\u1ed1ng \/ d\u1ecbch v\u1ee5 \u1ea9m th\u1ef1c<\/option><option value=\"\u91d1\u878d\u4fdd\u967a\u696d\">Ng\u00e0nh t\u00e0i ch\u00ednh &amp; b\u1ea3o hi\u1ec3m<\/option><option value=\"\u4e0d\u52d5\u7523\u696d\">Ng\u00e0nh b\u1ea5t \u0111\u1ed9ng s\u1ea3n<\/option><option value=\"\u30b5\u30fc\u30d3\u30b9\u696d\">Ng\u00e0nh d\u1ecbch v\u1ee5<\/option><option value=\"\u305d\u306e\u4ed6\">Kh\u00e1c<\/option><\/select><\/span><br \/>\n<\/label>\n<\/p>\n<p><label class=\"contact-form-label\"> S\u1ed1 l\u01b0\u1ee3ng nh\u00e2n vi\u00ean<br \/>\n<span class=\"wpcf7-form-control-wrap\" data-name=\"employees\"><select class=\"wpcf7-form-control wpcf7-select wpcf7-validates-as-required contact-form-select\" aria-required=\"true\" aria-invalid=\"false\" name=\"employees\"><option value=\"1\uff5e9\u4eba\">1\uff5e9 ng\u01b0\u1eddi<\/option><option value=\"10\uff5e49\u4eba\">10\uff5e49 ng\u01b0\u1eddi<\/option><option value=\"50\uff5e99\u4eba\">50\uff5e99 ng\u01b0\u1eddi<\/option><option value=\"100\uff5e299\u4eba\">100\uff5e299 ng\u01b0\u1eddi<\/option><option value=\"300\uff5e499\u4eba\">300\uff5e499 ng\u01b0\u1eddi<\/option><option value=\"500\uff5e999\u4eba\">500\uff5e999 ng\u01b0\u1eddi<\/option><option value=\"1,000\uff5e2,999\u4eba\">1,000\uff5e2,999 ng\u01b0\u1eddi<\/option><option value=\"3,000\uff5e4,999\u4eba\">3,000\uff5e4,999 ng\u01b0\u1eddi<\/option><option value=\"5,000\uff5e9,999\u4eba\">5,000\uff5e9,999 ng\u01b0\u1eddi<\/option><option value=\"10,000\uff5e19,999\u4eba\">10,000\uff5e19,999 ng\u01b0\u1eddi<\/option><option value=\"20,000\u4eba\u4ee5\u4e0a\">T\u1eeb 20.000 ng\u01b0\u1eddi tr\u1edf l\u00ean<\/option><\/select><\/span><br \/>\n<\/label>\n<\/p>\n<p><label class=\"contact-form-label\"> N\u1ed9i dung li\u00ean h\u1ec7<span class=\"form-required\">*<\/span><br \/>\n<span class=\"wpcf7-form-control-wrap\" data-name=\"message\"><textarea cols=\"40\" rows=\"10\" maxlength=\"2000\" class=\"wpcf7-form-control wpcf7-textarea wpcf7-validates-as-required contact-placeholder\" aria-required=\"true\" aria-invalid=\"false\" placeholder=\"Vui l\u00f2ng nh\u1eadp n\u1ed9i dung y\u00eau c\u1ea7u\" name=\"message\"><\/textarea><\/span><br \/>\n<\/label>\n<\/p>\n<p><label class=\"contact-form-label\"><br \/>\n<span class=\"wpcf7-form-control-wrap\" data-name=\"ads\"><span class=\"wpcf7-form-control wpcf7-checkbox contact-checkbox-title\"><span class=\"wpcf7-list-item first last\"><label><input type=\"checkbox\" name=\"ads[]\" value=\"\u30cb\u30e5\u30fc\u30b9\u30ec\u30bf\u30fc\u306e\u8cfc\u8aad\" \/><span class=\"wpcf7-list-item-label\">\u0110\u0103ng k\u00fd nh\u1eadn b\u1ea3n tin<\/span><\/label><\/span><\/span><\/span><br \/>\n<\/label>\n<\/p>\n<p><label class=\"contact-form-label\"><br \/>\n<span class=\"wpcf7-form-control-wrap\" data-name=\"agreement\"><span class=\"wpcf7-form-control wpcf7-checkbox wpcf7-validates-as-required contact-checkbox-title\"><span class=\"wpcf7-list-item first last\"><label><input type=\"checkbox\" name=\"agreement[]\" value=\"\u30d7\u30e9\u30a4\u30d0\u30b7\u30fc\u30dd\u30ea\u30b7\u30fc\u3078\u306e\u540c\u610f\" \/><span class=\"wpcf7-list-item-label\">\u0110\u1ed3ng \u00fd v\u1edbi ch\u00ednh s\u00e1ch b\u1ea3o m\u1eadt<\/span><\/label><\/span><\/span><\/span><br \/>\n<\/label>\n<\/p>\n<p><a href=\"https:\/\/smilesoftware.org\/vn\/privacy-policy\/\" target=\"_blank\" class=\"contact-url-homepage\">Chi ti\u1ebft t\u1ea1i \u0111\u00e2y<\/a>\n<\/p>\n<p><label class=\"contact-form-label\"> Ngu\u1ed3n g\u1ed1c th\u00f4ng tin (Bi\u1ebft \u0111\u1ebfn Smile qua \u0111\u00e2u)<span class=\"form-required\">*<\/span><br \/>\n<span class=\"wpcf7-form-control-wrap\" data-name=\"channel\"><select class=\"wpcf7-form-control wpcf7-select wpcf7-validates-as-required contact-form-select\" aria-required=\"true\" aria-invalid=\"false\" name=\"channel\"><option value=\"\u5f0a\u793e\u30db\u30fc\u30e0\u30da\u30fc\u30b8\">Trang web c\u00f4ng ty ch\u00fang t\u00f4i<\/option><option value=\"SNS (LinkedIn\u3001Facebook\u306a\u3069)\">M\u1ea1ng x\u00e3 h\u1ed9i (LinkedIn, Facebook, v.v.)<\/option><option value=\"\u30d6\u30ed\u30b0\u3001PR\u8a18\u4e8b\">Blog, b\u00e0i vi\u1ebft PR<\/option><option value=\"\u5f0a\u793e\u793e\u54e1\u304b\u3089\u306e\u7d39\u4ecb\">Gi\u1edbi thi\u1ec7u t\u1eeb nh\u00e2n vi\u00ean c\u00f4ng ty ch\u00fang t\u00f4i<\/option><option value=\"\u3054\u53cb\u4eba\u306e\u7d39\u4ecb\">Gi\u1edbi thi\u1ec7u t\u1eeb b\u1ea1n b\u00e8<\/option><option value=\"\u5c55\u793a\u4f1a\">H\u1ed9i ch\u1ee3 tri\u1ec3n l\u00e3m<\/option><option value=\"\u30a4\u30d9\u30f3\u30c8\">S\u1ef1 ki\u1ec7n<\/option><option value=\"\u305d\u306e\u4ed6\">Kh\u00e1c<\/option><\/select><\/span><br \/>\n<\/label>\n<\/p>\n<p><input class=\"wpcf7-form-control wpcf7-submit has-spinner contact-btn-submit\" type=\"submit\" value=\"G\u1eedi\" \/>\n<\/p><div class=\"wpcf7-response-output\" aria-hidden=\"true\"><\/div>\n<input type=\"hidden\" name=\"trp-form-language\" value=\"vn\"\/><\/form>\n<\/div>\n<\/div>\n<\/div><\/div>\n\n\n\n<div class=\"wp-block-cover alignfull\" style=\"min-height:420px;aspect-ratio:unset;\"><span aria-hidden=\"true\" class=\"wp-block-cover__background has-nv-light-bg-background-color has-background-dim-100 has-background-dim\"><\/span><div class=\"wp-block-cover__inner-container is-layout-flow wp-block-cover-is-layout-flow\">\n<div style=\"height:80px\" aria-hidden=\"true\" class=\"wp-block-spacer\"><\/div>\n\n\n\n<div class=\"wp-block-columns is-layout-flex wp-container-core-columns-is-layout-9d6595d7 wp-block-columns-is-layout-flex\">\n<div class=\"wp-block-column is-layout-flow wp-block-column-is-layout-flow\" style=\"padding-right:var(--wp--preset--spacing--30);padding-left:var(--wp--preset--spacing--30)\">\n<div class=\"wp-block-group ticss-db31c00e has-nv-site-bg-background-color has-background\" style=\"border-radius:24px;padding-right:var(--wp--preset--spacing--30);padding-left:var(--wp--preset--spacing--30)\"><div class=\"wp-block-group__inner-container is-layout-flow wp-block-group-is-layout-flow\">\n<div style=\"height:24px\" aria-hidden=\"true\" class=\"wp-block-spacer\"><\/div>\n\n\n<div class=\"wp-block-image icon-style is-style-default\">\n<figure class=\"aligncenter size-full\"><img decoding=\"async\" src=\"https:\/\/smilesoftware.org\/wp-content\/themes\/neve\/assets\/img\/starter-content\/neve-marketing-icon-5.png\" alt=\"\"\/><\/figure>\n<\/div>\n\n\n<div style=\"height:24px\" aria-hidden=\"true\" class=\"wp-block-spacer\"><\/div>\n\n\n\n<h3 class=\"wp-block-heading has-text-align-center vi-font-family-text has-neve-text-color-color has-text-color\">Email<\/h3>\n\n\n\n<p class=\"has-text-align-center vi-font-family-text has-neve-text-color-color has-text-color\" style=\"font-size:15px\">connect@smilesoftware.org<\/p>\n\n\n\n<div style=\"height:24px\" aria-hidden=\"true\" class=\"wp-block-spacer\"><\/div>\n<\/div><\/div>\n<\/div>\n\n\n\n<div class=\"wp-block-column ticss-a5b4df29 is-layout-flow wp-block-column-is-layout-flow\" style=\"padding-right:var(--wp--preset--spacing--30);padding-left:var(--wp--preset--spacing--30)\">\n<div class=\"wp-block-group ticss-9134efbe has-nv-site-bg-background-color has-background\" style=\"border-radius:24px;padding-right:var(--wp--preset--spacing--30);padding-left:var(--wp--preset--spacing--30)\"><div class=\"wp-block-group__inner-container is-layout-flow wp-block-group-is-layout-flow\">\n<div style=\"height:24px\" aria-hidden=\"true\" class=\"wp-block-spacer\"><\/div>\n\n\n<div class=\"wp-block-image icon-style is-style-default\">\n<figure class=\"aligncenter size-full\"><img decoding=\"async\" src=\"https:\/\/smilesoftware.org\/wp-content\/themes\/neve\/assets\/img\/starter-content\/neve-marketing-icon-6.png\" alt=\"\"\/><\/figure>\n<\/div>\n\n\n<div style=\"height:24px\" aria-hidden=\"true\" class=\"wp-block-spacer\"><\/div>\n\n\n\n<h3 class=\"wp-block-heading has-text-align-center vi-font-family-text has-neve-text-color-color has-text-color\">V\u0103n ph\u00f2ng<\/h3>\n\n\n\n<div class=\"wp-block-group is-vertical is-content-justification-center is-layout-flex wp-container-core-group-is-layout-4b2eccd6 wp-block-group-is-layout-flex\">\n<p class=\"has-text-align-center vi-font-family-text has-neve-text-color-color has-text-color\" style=\"font-size:15px\">\u3012273-0011 \u5343\u8449\u770c\u8239\u6a4b\u5e02\u6e4a\u753a2\u4e01\u76ee1-18<\/p>\n\n\n\n<p class=\"has-text-align-center vi-font-family-text has-neve-text-color-color has-text-color\" style=\"font-size:15px\">2-1-18 Minatoch\u014d, Th\u00e0nh ph\u1ed1 Funabashi, T\u1ec9nh Chiba<\/p>\n<\/div>\n\n\n\n<div style=\"height:2px\" aria-hidden=\"true\" class=\"wp-block-spacer\"><\/div>\n<\/div><\/div>\n<\/div>\n<\/div>\n\n\n\n<div style=\"height:30px\" aria-hidden=\"true\" class=\"wp-block-spacer\"><\/div>\n<\/div><\/div>\n\n\n\n<section id=\"wp-block-themeisle-blocks-advanced-columns-546fa8db\" class=\"wp-block-themeisle-blocks-advanced-columns alignfull has-1-columns has-desktop-equal-layout has-tablet-equal-layout has-mobile-collapsedRows-layout has-vertical-center has-dark-bg\"><div class=\"wp-block-themeisle-blocks-advanced-columns-overlay\"><\/div><div class=\"innerblocks-wrap\">\n<div id=\"wp-block-themeisle-blocks-advanced-column-a03592cc\" class=\"wp-block-themeisle-blocks-advanced-column has-dark-bg\">\n<div id=\"wp-block-themeisle-blocks-advanced-heading-db071afb\" class=\"wp-block-themeisle-blocks-advanced-heading wp-block-themeisle-blocks-advanced-heading-db071afb vi-font-family-text\"><strong>B\u1ea1n c\u00f3 c\u00e2u h\u1ecfi n\u00e0o cho SMILE?<\/strong><\/div>\n\n\n\n<p class=\"has-text-align-left vi-font-family-text has-nv-text-dark-bg-color has-text-color has-link-color wp-elements-2561cf7d782a324b0c974f17510e15f8\">N\u1ebfu b\u1ea1n c\u00f3 b\u1ea5t k\u1ef3 th\u1eafc m\u1eafc hay c\u00e2u h\u1ecfi n\u00e0o, xin \u0111\u1eebng ng\u1ea7n ng\u1ea1i li\u00ean h\u1ec7 v\u1edbi ch\u00fang t\u00f4i.<\/p>\n\n\n\n<h3 class=\"wp-block-heading vi-font-family-text has-nv-text-dark-bg-color has-text-color has-link-color wp-elements-e223fbd438d122c21269638529ac9873\">Follow v\u1edbi SMILE tr\u00ean m\u1ea1ng x\u00e3 h\u1ed9i<\/h3>\n\n\n\n<ul class=\"wp-block-social-links is-layout-flex wp-block-social-links-is-layout-flex\"><li class=\"wp-social-link wp-social-link-facebook  wp-block-social-link\"><a href=\"https:\/\/www.facebook.com\/people\/Tuy%E1%BB%83n-D%E1%BB%A5ng-Smile\/61567112341456\/\" class=\"wp-block-social-link-anchor\"><svg width=\"24\" height=\"24\" viewbox=\"0 0 24 24\" version=\"1.1\" xmlns=\"http:\/\/www.w3.org\/2000\/svg\" aria-hidden=\"true\" focusable=\"false\"><path d=\"M12 2C6.5 2 2 6.5 2 12c0 5 3.7 9.1 8.4 9.9v-7H7.9V12h2.5V9.8c0-2.5 1.5-3.9 3.8-3.9 1.1 0 2.2.2 2.2.2v2.5h-1.3c-1.2 0-1.6.8-1.6 1.6V12h2.8l-.4 2.9h-2.3v7C18.3 21.1 22 17 22 12c0-5.5-4.5-10-10-10z\"><\/path><\/svg><span class=\"wp-block-social-link-label screen-reader-text\">Facebook<\/span><\/a><\/li>\n\n<li class=\"wp-social-link wp-social-link-linkedin  ticss-f2163ebd wp-block-social-link\"><a href=\"https:\/\/www.linkedin.com\/company\/smile-software-org\" class=\"wp-block-social-link-anchor\"><svg width=\"24\" height=\"24\" viewbox=\"0 0 24 24\" version=\"1.1\" xmlns=\"http:\/\/www.w3.org\/2000\/svg\" aria-hidden=\"true\" focusable=\"false\"><path d=\"M19.7,3H4.3C3.582,3,3,3.582,3,4.3v15.4C3,20.418,3.582,21,4.3,21h15.4c0.718,0,1.3-0.582,1.3-1.3V4.3 C21,3.582,20.418,3,19.7,3z M8.339,18.338H5.667v-8.59h2.672V18.338z M7.004,8.574c-0.857,0-1.549-0.694-1.549-1.548 c0-0.855,0.691-1.548,1.549-1.548c0.854,0,1.547,0.694,1.547,1.548C8.551,7.881,7.858,8.574,7.004,8.574z M18.339,18.338h-2.669 v-4.177c0-0.996-0.017-2.278-1.387-2.278c-1.389,0-1.601,1.086-1.601,2.206v4.249h-2.667v-8.59h2.559v1.174h0.037 c0.356-0.675,1.227-1.387,2.526-1.387c2.703,0,3.203,1.779,3.203,4.092V18.338z\"><\/path><\/svg><span class=\"wp-block-social-link-label screen-reader-text\">LinkedIn<\/span><\/a><\/li><\/ul>\n<\/div>\n<\/div><\/section>","protected":false},"excerpt":{"rendered":"<p>Li\u00ean h\u1ec7<\/p>","protected":false},"author":1,"featured_media":0,"parent":0,"menu_order":0,"comment_status":"closed","ping_status":"closed","template":"","meta":{"_acf_changed":false,"neve_meta_sidebar":"","neve_meta_container":"","neve_meta_enable_content_width":"on","neve_meta_content_width":100,"neve_meta_title_alignment":"","neve_meta_author_avatar":"","neve_post_elements_order":"","neve_meta_disable_header":"","neve_meta_disable_footer":"","neve_meta_disable_title":"on","_price":"","_stock":"","_tribe_ticket_header":"","_tribe_default_ticket_provider":"","_ticket_start_date":"","_ticket_end_date":"","_tribe_ticket_show_description":"","_tribe_ticket_show_not_going":false,"_tribe_ticket_use_global_stock":"","_tribe_ticket_global_stock_level":"","_global_stock_mode":"","_global_stock_cap":"","_tribe_rsvp_for_event":"","_tribe_ticket_going_count":"","_tribe_ticket_not_going_count":"","_tribe_tickets_list":"[]","_tribe_ticket_has_attendee_info_fields":false,"_themeisle_gutenberg_block_has_review":false,"_ti_tpc_template_sync":false,"_ti_tpc_template_id":"","footnotes":"","_tec_slr_enabled":"","_tec_slr_layout":""},"class_list":["post-18","page","type-page","status-publish","hentry"],"acf":[],"rttpg_featured_image_url":null,"rttpg_author":{"display_name":"admin","author_link":"https:\/\/smilesoftware.org\/vn\/author\/admin\/"},"rttpg_comment":0,"rttpg_category":null,"rttpg_excerpt":"\u304a\u554f\u3044\u5408\u308f\u305b","ticketed":false,"_links":{"self":[{"href":"https:\/\/smilesoftware.org\/vn\/wp-json\/wp\/v2\/pages\/18","targetHints":{"allow":["GET"]}}],"collection":[{"href":"https:\/\/smilesoftware.org\/vn\/wp-json\/wp\/v2\/pages"}],"about":[{"href":"https:\/\/smilesoftware.org\/vn\/wp-json\/wp\/v2\/types\/page"}],"author":[{"embeddable":true,"href":"https:\/\/smilesoftware.org\/vn\/wp-json\/wp\/v2\/users\/1"}],"replies":[{"embeddable":true,"href":"https:\/\/smilesoftware.org\/vn\/wp-json\/wp\/v2\/comments?post=18"}],"version-history":[{"count":41,"href":"https:\/\/smilesoftware.org\/vn\/wp-json\/wp\/v2\/pages\/18\/revisions"}],"predecessor-version":[{"id":3003,"href":"https:\/\/smilesoftware.org\/vn\/wp-json\/wp\/v2\/pages\/18\/revisions\/3003"}],"wp:attachment":[{"href":"https:\/\/smilesoftware.org\/vn\/wp-json\/wp\/v2\/media?parent=18"}],"curies":[{"name":"wp","href":"https:\/\/api.w.org\/{rel}","templated":true}]}}