{"id":171,"date":"2024-09-19T14:42:32","date_gmt":"2024-09-19T07:42:32","guid":{"rendered":"https:\/\/smilesoftware.org\/?page_id=171"},"modified":"2025-08-23T01:01:52","modified_gmt":"2025-08-22T18:01:52","slug":"special-offers","status":"publish","type":"page","link":"https:\/\/smilesoftware.org\/vn\/special-offers\/","title":{"rendered":"\u01afu \u0111\u00e3i d\u00e0nh cho kh\u00e1ch h\u00e0ng m\u1edbi"},"content":{"rendered":"<div class=\"wp-block-group\"><div class=\"wp-block-group__inner-container is-layout-constrained wp-block-group-is-layout-constrained\">\n<h2 class=\"wp-block-heading vi-font-family-text\">\u01afu \u0111\u00e3i d\u00e0nh cho kh\u00e1ch h\u00e0ng m\u1edbi<\/h2>\n<\/div><\/div>\n\n\n\n<p class=\"text-justify vi-font-family-text\">D\u1ecbch v\u1ee5 IT outsourcing (thu\u00ea ngo\u00e0i c\u00f4ng ngh\u1ec7 th\u00f4ng tin) \u0111ang ng\u00e0y c\u00e0ng \u0111\u01b0\u1ee3c nhi\u1ec1u doanh nghi\u1ec7p s\u1eed d\u1ee5ng.\nKhi s\u1eed d\u1ee5ng d\u1ecbch v\u1ee5 n\u00e0y, doanh nghi\u1ec7p kh\u00f4ng c\u1ea7n ph\u1ea3i tuy\u1ec3n d\u1ee5ng, \u0111\u00e0o t\u1ea1o nh\u00e2n s\u1ef1, duy tr\u00ec c\u01a1 s\u1edf v\u1eadt ch\u1ea5t v\u00e0 thi\u1ebft b\u1ecb, k\u00fd k\u1ebft h\u1ee3p \u0111\u1ed3ng lao \u0111\u1ed9ng, chi tr\u1ea3 chi ph\u00ed c\u00f4ng t\u00e1c, b\u1ea3o hi\u1ec3m, l\u01b0\u01a1ng th\u00e1ng 13 hay th\u01b0\u1edfng cu\u1ed1i n\u0103m.\nM\u1ee5c ti\u00eau l\u1edbn nh\u1ea5t c\u1ee7a vi\u1ec7c s\u1eed d\u1ee5ng d\u1ecbch v\u1ee5 IT outsourcing l\u00e0 c\u1eaft gi\u1ea3m chi ph\u00ed,\nb\u1edfi v\u00ec chi ph\u00ed thu\u00ea ngo\u00e0i IT th\u01b0\u1eddng th\u1ea5p h\u01a1n so v\u1edbi chi ph\u00ed x\u00e2y d\u1ef1ng v\u00e0 duy tr\u00ec m\u1ed9t \u0111\u1ed9i ng\u0169 IT n\u1ed9i b\u1ed9.<\/p>\n\n\n<div class=\"wp-block-image\">\n<figure class=\"aligncenter size-full is-resized\" id=\"wp-block-themeisle-blocks-image-e4ebfbd0\"><img loading=\"lazy\" decoding=\"async\" width=\"1000\" height=\"550\" src=\"https:\/\/smilesoftware.org\/wp-content\/uploads\/2024\/12\/Cut-PWA-development-cost.jpg\" alt=\"\" class=\"wp-image-913\" style=\"width:976px;height:auto\" srcset=\"https:\/\/smilesoftware.org\/wp-content\/uploads\/2024\/12\/Cut-PWA-development-cost.jpg 1000w, https:\/\/smilesoftware.org\/wp-content\/uploads\/2024\/12\/Cut-PWA-development-cost-300x165.jpg 300w, https:\/\/smilesoftware.org\/wp-content\/uploads\/2024\/12\/Cut-PWA-development-cost-768x422.jpg 768w\" sizes=\"auto, (max-width: 1000px) 100vw, 1000px\" \/><\/figure>\n<\/div>\n\n\n<div style=\"height:30px\" aria-hidden=\"true\" class=\"wp-block-spacer ticss-c73b3e1f\"><\/div>\n\n\n\n<p class=\"text-justify vi-font-family-text\">Chi ph\u00ed IT outsourcing thay \u0111\u1ed5i t\u00f9y theo nhu c\u1ea7u v\u00e0 y\u00eau c\u1ea7u c\u1ee7a t\u1eebng doanh nghi\u1ec7p.\nTrong nh\u1eefng tr\u01b0\u1eddng h\u1ee3p quy m\u00f4 l\u1edbn ho\u1eb7c th\u1eddi gian d\u00e0i, chi ph\u00ed c\u00f3 th\u1ec3 l\u00ean \u0111\u1ebfn h\u00e0ng ch\u1ee5c tri\u1ec7u y\u00ean, th\u1eadm ch\u00ed h\u00e0ng tr\u0103m tri\u1ec7u y\u00ean.<\/p>\n\n\n<div class=\"wp-block-image\">\n<figure class=\"aligncenter size-full\" id=\"wp-block-themeisle-blocks-image-44e67e85\"><img loading=\"lazy\" decoding=\"async\" width=\"768\" height=\"768\" src=\"https:\/\/smilesoftware.org\/wp-content\/uploads\/2024\/10\/developer-salaries-in-apac.png\" alt=\"\" class=\"wp-image-516\" srcset=\"https:\/\/smilesoftware.org\/wp-content\/uploads\/2024\/10\/developer-salaries-in-apac.png 768w, https:\/\/smilesoftware.org\/wp-content\/uploads\/2024\/10\/developer-salaries-in-apac-300x300.png 300w, https:\/\/smilesoftware.org\/wp-content\/uploads\/2024\/10\/developer-salaries-in-apac-150x150.png 150w\" sizes=\"auto, (max-width: 768px) 100vw, 768px\" \/><\/figure>\n<\/div>\n\n\n<div style=\"height:30px\" aria-hidden=\"true\" class=\"wp-block-spacer ticss-c73b3e1f\"><\/div>\n\n\n\n<p class=\"text-justify vi-font-family-text\">Hi\u1ec7n t\u1ea1i, m\u1ee9c gi\u00e1 d\u1ecbch v\u1ee5 IT outsourcing c\u1ee7a Vi\u1ec7t Nam v\u1eabn \u1edf m\u1ee9c th\u1ea5p, trung b\u00ecnh dao \u0111\u1ed9ng t\u1eeb 10 \u0111\u1ebfn 14 \u0111\u00f4 la M\u1ef9 m\u1ed7i gi\u1edd. Trong khi \u0111\u00f3, m\u1ee9c gi\u00e1 trung b\u00ecnh to\u00e0n c\u1ea7u cho lao \u0111\u1ed9ng thu\u00ea ngo\u00e0i l\u00e0 t\u1eeb 15 \u0111\u1ebfn 20 \u0111\u00f4 la m\u1ed7i gi\u1edd. \u0110\u00e2y ch\u00ednh l\u00e0 l\u00fd do khi\u1ebfn nhi\u1ec1u qu\u1ef9 \u0111\u1ea7u t\u01b0 n\u01b0\u1edbc ngo\u00e0i t\u00ecm \u0111\u1ebfn Vi\u1ec7t Nam \u0111\u1ec3 s\u1eed d\u1ee5ng d\u1ecbch v\u1ee5 IT outsourcing, d\u00f9 kho\u1ea3ng c\u00e1ch \u0111\u1ecba l\u00fd xa.<\/p>\n\n\n<div class=\"wp-block-image\">\n<figure class=\"aligncenter size-large is-resized\" id=\"wp-block-themeisle-blocks-image-fa9e25b2\"><img loading=\"lazy\" decoding=\"async\" width=\"1024\" height=\"683\" src=\"https:\/\/smilesoftware.org\/wp-content\/uploads\/2024\/10\/CSKH-1024x683.png\" alt=\"\" class=\"wp-image-517\" style=\"width:976px\" srcset=\"https:\/\/smilesoftware.org\/wp-content\/uploads\/2024\/10\/CSKH-1024x683.png 1024w, https:\/\/smilesoftware.org\/wp-content\/uploads\/2024\/10\/CSKH-300x200.png 300w, https:\/\/smilesoftware.org\/wp-content\/uploads\/2024\/10\/CSKH-768x512.png 768w, https:\/\/smilesoftware.org\/wp-content\/uploads\/2024\/10\/CSKH-930x620.png 930w, https:\/\/smilesoftware.org\/wp-content\/uploads\/2024\/10\/CSKH.png 1200w\" sizes=\"auto, (max-width: 1024px) 100vw, 1024px\" \/><\/figure>\n<\/div>\n\n\n<div style=\"height:30px\" aria-hidden=\"true\" class=\"wp-block-spacer ticss-c73b3e1f\"><\/div>\n\n\n\n<p class=\"text-justify vi-font-family-text\">T\u1ea1i SMILE, khi s\u1eed d\u1ee5ng d\u1ecbch v\u1ee5 IT outsourcing, kh\u00e1ch h\u00e0ng s\u1ebd nh\u1eadn \u0111\u01b0\u1ee3c s\u1ef1 t\u01b0 v\u1ea5n v\u00e0 h\u1ed7 tr\u1ee3 t\u1eadn t\u00ecnh, chu \u0111\u00e1o. \u0110\u1eb7c bi\u1ec7t, SMILE cung c\u1ea5p \u01b0u \u0111\u00e3i gi\u1ea3m gi\u00e1 5% cho d\u1ef1 \u00e1n \u0111\u1ea7u ti\u00ean c\u1ee7a kh\u00e1ch h\u00e0ng m\u1edbi. Ngo\u00e0i ra, trong m\u1ed7i d\u1ef1 \u00e1n, SMILE lu\u00f4n ch\u00fa tr\u1ecdng c\u00e2n b\u1eb1ng chi ph\u00ed, n\u1ed7 l\u1ef1c cung c\u1ea5p d\u1ecbch v\u1ee5 ch\u1ea5t l\u01b0\u1ee3ng cao v\u1edbi m\u1ee9c chi ph\u00ed th\u1ea5p nh\u1ea5t c\u00f3 th\u1ec3.\nKhi s\u1eed d\u1ee5ng d\u1ecbch v\u1ee5 IT c\u1ee7a SMILE, kh\u00e1ch h\u00e0ng kh\u00f4ng c\u1ea7n lo l\u1eafng v\u1ec1 vi\u1ec7c \u0111i\u1ec1u ch\u1ec9nh chi ph\u00ed.<\/p>\n\n\n<div class=\"wp-block-image\">\n<figure class=\"aligncenter size-large is-resized\" id=\"wp-block-themeisle-blocks-image-abbad652\"><img loading=\"lazy\" decoding=\"async\" width=\"1024\" height=\"576\" src=\"https:\/\/smilesoftware.org\/wp-content\/uploads\/2024\/10\/wp12248558-desktop-security-wallpapers-1024x576.png\" alt=\"\" class=\"wp-image-518\" style=\"width:976px\" srcset=\"https:\/\/smilesoftware.org\/wp-content\/uploads\/2024\/10\/wp12248558-desktop-security-wallpapers-1024x576.png 1024w, https:\/\/smilesoftware.org\/wp-content\/uploads\/2024\/10\/wp12248558-desktop-security-wallpapers-300x169.png 300w, https:\/\/smilesoftware.org\/wp-content\/uploads\/2024\/10\/wp12248558-desktop-security-wallpapers-768x432.png 768w, https:\/\/smilesoftware.org\/wp-content\/uploads\/2024\/10\/wp12248558-desktop-security-wallpapers-1536x864.png 1536w, https:\/\/smilesoftware.org\/wp-content\/uploads\/2024\/10\/wp12248558-desktop-security-wallpapers.png 1920w\" sizes=\"auto, (max-width: 1024px) 100vw, 1024px\" \/><\/figure>\n<\/div>\n\n\n<div style=\"height:30px\" aria-hidden=\"true\" class=\"wp-block-spacer ticss-c73b3e1f\"><\/div>\n\n\n\n<p class=\"text-justify vi-font-family-text\">SMILE cung c\u1ea5p d\u1ecbch v\u1ee5 cho kh\u00e1ch h\u00e0ng 24 gi\u1edd m\u1ed9t ng\u00e0y, 365 ng\u00e0y m\u1ed9t n\u0103m theo h\u1ee3p \u0111\u1ed3ng \u0111\u00e3 k\u00fd,\nb\u1ea3o v\u1ec7 h\u1ec7 th\u1ed1ng m\u00e1y t\u00ednh c\u1ee7a doanh nghi\u1ec7p kh\u1ecfi c\u00e1c cu\u1ed9c t\u1ea5n c\u00f4ng \u00e1c \u00fd, nh\u1eb1m tr\u00e1nh g\u00e2y \u1ea3nh h\u01b0\u1edfng nghi\u00eam tr\u1ecdng \u0111\u1ebfn ho\u1ea1t \u0111\u1ed9ng kinh doanh.\nTrong th\u1eddi gian h\u1ee3p \u0111\u1ed3ng c\u00f3 hi\u1ec7u l\u1ef1c, kh\u00e1ch h\u00e0ng c\u00f3 th\u1ec3 li\u00ean h\u1ec7 v\u1edbi SMILE b\u1ea5t c\u1ee9 l\u00fac n\u00e0o \u0111\u1ec3 \u0111\u01b0\u1ee3c gi\u1ea3i \u0111\u00e1p c\u00e1c th\u1eafc m\u1eafc.<\/p>\n\n\n\n<p class=\"text-justify vi-font-family-text\">Chi ph\u00ed c\u1ed1 \u0111\u1ecbnh \u2013 Gi\u00e1 c\u1ea3 h\u1ee3p l\u00fd.<br>Chi ph\u00ed minh b\u1ea1ch, gi\u00fap kh\u00e1ch h\u00e0ng an t\u00e2m s\u1eed d\u1ee5ng.<br>Kh\u00f4ng gi\u1edbi h\u1ea1n s\u1ed1 l\u1ea7n li\u00ean h\u1ec7 trong th\u1eddi gian h\u1ee3p \u0111\u1ed3ng.<br>V\u1eadn h\u00e0nh theo m\u1ee9c chi ph\u00ed \u0111\u00e3 th\u1ecfa thu\u1eadn tr\u01b0\u1edbc,<br>n\u00ean kh\u00e1ch h\u00e0ng kh\u00f4ng c\u1ea7n lo l\u1eafng v\u1ec1 c\u00e1c kho\u1ea3n ph\u00e1t sinh \u0111\u1ed9t ng\u1ed9t<\/p>\n\n\n\n<p class=\"text-justify vi-font-family-text\">H\u00e3y an t\u00e2m v\u00e0 tin t\u01b0\u1edfng s\u1eed d\u1ee5ng d\u1ecbch v\u1ee5 IT c\u1ee7a SMILE!<\/p>\n\n\n\n<div style=\"height:30px\" aria-hidden=\"true\" class=\"wp-block-spacer ticss-0c9dddbc\"><\/div>\n\n\n\n<div class=\"wp-block-cover alignfull\" style=\"min-height:300px;aspect-ratio:unset;\"><span aria-hidden=\"true\" class=\"wp-block-cover__background has-background-dim-100 has-background-dim\" style=\"background-color:#003575\"><\/span><div class=\"wp-block-cover__inner-container is-layout-flow wp-block-cover-is-layout-flow\">\n<div style=\"height:140px\" aria-hidden=\"true\" class=\"wp-block-spacer\"><\/div>\n\n\n\n<div class=\"wp-block-columns is-layout-flex wp-container-core-columns-is-layout-9d6595d7 wp-block-columns-is-layout-flex\">\n<div class=\"wp-block-column is-layout-flow wp-block-column-is-layout-flow\" style=\"flex-basis:100%\">\n<div class=\"wp-block-group\"><div class=\"wp-block-group__inner-container is-layout-constrained wp-block-group-is-layout-constrained\">\n<h2 class=\"wp-block-heading has-text-align-center vi-font-family-text has-nv-text-dark-bg-color has-text-color\">Kh\u01a1i d\u1eady ti\u1ec1m n\u0103ng - Ki\u1ebfn t\u1ea1o t\u01b0\u01a1ng lai<\/h2>\n\n\n\n<p class=\"has-text-align-center ticss-5d29c21e vi-font-family-text has-nv-text-dark-bg-color has-text-color has-link-color wp-elements-fd97bc61a8ef18d813deb24e4a44f5a5\">V\u1edbi t\u1ea7m nh\u00ecn \u201cKh\u01a1i d\u1eady ti\u1ec1m n\u0103ng - Ki\u1ebfn t\u1ea1o t\u01b0\u01a1ng lai\u201d, SMILE cam k\u1ebft \u0111\u1ed3ng h\u00e0nh v\u00e0 t\u1eadn t\u00e2m h\u1ed7 tr\u1ee3 s\u1ef1 ph\u00e1t tri\u1ec3n b\u1ec1n v\u1eefng c\u1ee7a Qu\u00fd kh\u00e1ch h\u00e0ng.<\/p>\n\n\n\n<p class=\"has-text-align-center vi-font-family-text has-nv-text-dark-bg-color has-text-color has-link-color wp-elements-09ff4753d610e02db529d14b5055000b\">H\u00e3y c\u00f9ng nhau \u0111\u1ed3ng h\u00e0nh \u0111\u1ec3 ki\u1ebfn t\u1ea1o n\u00ean m\u1ed9t t\u01b0\u01a1ng lai r\u1ef1c r\u1ee1 v\u00e0 th\u1ecbnh v\u01b0\u1ee3ng h\u01a1n.<\/p>\n\n\n\n<div class=\"wp-block-buttons is-horizontal is-content-justification-center is-layout-flex wp-container-core-buttons-is-layout-499968f5 wp-block-buttons-is-layout-flex\">\n<div class=\"wp-block-button is-style-primary vi-font-family-text\"><a class=\"wp-block-button__link has-neve-link-color-color has-text-color has-background has-link-color wp-element-button\" href=\"https:\/\/smilesoftware.org\/vn\/contact\/\" style=\"background-color:#ffffff\">Li\u00ean h\u1ec7<\/a><\/div>\n<\/div>\n<\/div><\/div>\n<\/div>\n<\/div>\n\n\n\n<div style=\"height:140px\" aria-hidden=\"true\" class=\"wp-block-spacer\"><\/div>\n<\/div><\/div>","protected":false},"excerpt":{"rendered":"<p>\u65b0\u898f\u9867\u5ba2\u5411\u3051\u306e\u7279\u5178 IT\u30a2\u30a6\u30c8\u30bd\u30fc\u30b7\u30f3\u30b0\u306f\u3001\u307e\u3059\u307e\u3059\u591a\u304f\u306e\u4f01&hellip;&nbsp;<a href=\"https:\/\/smilesoftware.org\/vn\/special-offers\/\" class=\"\" rel=\"bookmark\">\u0110\u1ecdc ti\u1ebfp &raquo;<span class=\"screen-reader-text\">\u01afu \u0111\u00e3i d\u00e0nh cho kh\u00e1ch h\u00e0ng m\u1edbi<\/span><\/a><\/p>","protected":false},"author":1,"featured_media":0,"parent":0,"menu_order":0,"comment_status":"closed","ping_status":"closed","template":"","meta":{"_acf_changed":false,"neve_meta_sidebar":"","neve_meta_container":"","neve_meta_enable_content_width":"","neve_meta_content_width":0,"neve_meta_title_alignment":"","neve_meta_author_avatar":"","neve_post_elements_order":"","neve_meta_disable_header":"","neve_meta_disable_footer":"","neve_meta_disable_title":"on","_price":"","_stock":"","_tribe_ticket_header":"","_tribe_default_ticket_provider":"","_ticket_start_date":"","_ticket_end_date":"","_tribe_ticket_show_description":"","_tribe_ticket_show_not_going":false,"_tribe_ticket_use_global_stock":"","_tribe_ticket_global_stock_level":"","_global_stock_mode":"","_global_stock_cap":"","_tribe_rsvp_for_event":"","_tribe_ticket_going_count":"","_tribe_ticket_not_going_count":"","_tribe_tickets_list":"[]","_tribe_ticket_has_attendee_info_fields":false,"_themeisle_gutenberg_block_has_review":false,"_ti_tpc_template_sync":false,"_ti_tpc_template_id":"","footnotes":"","_tec_slr_enabled":"","_tec_slr_layout":""},"class_list":["post-171","page","type-page","status-publish","hentry"],"acf":[],"rttpg_featured_image_url":null,"rttpg_author":{"display_name":"admin","author_link":"https:\/\/smilesoftware.org\/vn\/author\/admin\/"},"rttpg_comment":0,"rttpg_category":null,"rttpg_excerpt":"\u65b0\u898f\u9867\u5ba2\u5411\u3051\u306e\u7279\u5178 IT\u30a2\u30a6\u30c8\u30bd\u30fc\u30b7\u30f3\u30b0\u306f\u3001\u307e\u3059\u307e\u3059\u591a\u304f\u306e\u4f01&hellip;&nbsp;\u0110\u1ecdc ti\u1ebfp &r&hellip;","ticketed":false,"_links":{"self":[{"href":"https:\/\/smilesoftware.org\/vn\/wp-json\/wp\/v2\/pages\/171","targetHints":{"allow":["GET"]}}],"collection":[{"href":"https:\/\/smilesoftware.org\/vn\/wp-json\/wp\/v2\/pages"}],"about":[{"href":"https:\/\/smilesoftware.org\/vn\/wp-json\/wp\/v2\/types\/page"}],"author":[{"embeddable":true,"href":"https:\/\/smilesoftware.org\/vn\/wp-json\/wp\/v2\/users\/1"}],"replies":[{"embeddable":true,"href":"https:\/\/smilesoftware.org\/vn\/wp-json\/wp\/v2\/comments?post=171"}],"version-history":[{"count":15,"href":"https:\/\/smilesoftware.org\/vn\/wp-json\/wp\/v2\/pages\/171\/revisions"}],"predecessor-version":[{"id":2959,"href":"https:\/\/smilesoftware.org\/vn\/wp-json\/wp\/v2\/pages\/171\/revisions\/2959"}],"wp:attachment":[{"href":"https:\/\/smilesoftware.org\/vn\/wp-json\/wp\/v2\/media?parent=171"}],"curies":[{"name":"wp","href":"https:\/\/api.w.org\/{rel}","templated":true}]}}