{"id":168,"date":"2024-09-19T14:41:36","date_gmt":"2024-09-19T07:41:36","guid":{"rendered":"https:\/\/smilesoftware.org\/?page_id=168"},"modified":"2025-08-23T01:05:08","modified_gmt":"2025-08-22T18:05:08","slug":"smile-benefits","status":"publish","type":"page","link":"https:\/\/smilesoftware.org\/vn\/smile-benefits\/","title":{"rendered":"L\u1ee3i \u00edch c\u1ee7a SMILE"},"content":{"rendered":"<div class=\"wp-block-group\"><div class=\"wp-block-group__inner-container is-layout-constrained wp-block-group-is-layout-constrained\">\n<h2 class=\"wp-block-heading vi-font-family-text\">L\u1ee3i \u00edch c\u1ee7a SMILE<\/h2>\n<\/div><\/div>\n\n\n\n<section id=\"wp-block-themeisle-blocks-advanced-columns-6e7afea9\" class=\"wp-block-themeisle-blocks-advanced-columns alignfull has-1-columns has-desktop-equal-layout has-tablet-equal-layout has-mobile-equal-layout has-vertical-flex-start has-light-bg\"><div class=\"wp-block-themeisle-blocks-advanced-columns-overlay\"><\/div><div class=\"innerblocks-wrap\">\n<div id=\"wp-block-themeisle-blocks-advanced-column-c4b71378\" class=\"wp-block-themeisle-blocks-advanced-column\">\n<section id=\"wp-block-themeisle-blocks-advanced-columns-c9de47f3\" class=\"wp-block-themeisle-blocks-advanced-columns has-2-columns has-desktop-equal-layout has-tablet-equal-layout has-mobile-collapsedRows-layout has-vertical-center\"><div class=\"wp-block-themeisle-blocks-advanced-columns-overlay\"><\/div><div class=\"innerblocks-wrap\">\n<div id=\"wp-block-themeisle-blocks-advanced-column-8efaaa45\" class=\"wp-block-themeisle-blocks-advanced-column\">\n<h2 class=\"wp-block-heading has-text-align-left vi-font-family-text has-text-color has-link-color wp-elements-08847965abc0c1f037ce77f78361f11d\" style=\"color:#080808\">T\u1ea1i sao n\u00ean ch\u1ecdn SMILE?<\/h2>\n\n\n\n<p class=\"vi-font-family-text has-text-color has-link-color wp-elements-4c41256ab12699858131d21a11053d72\" style=\"color:#080808\">SMILE l\u00e0 l\u1ef1a ch\u1ecdn t\u1ed1i \u01b0u cho d\u1ecbch v\u1ee5 outsourcing, nh\u1edd v\u00e0o ch\u1ea5t l\u01b0\u1ee3ng cao, chi ph\u00ed c\u1ea1nh tranh, v\u00e0 s\u1ef1 th\u1ea5u hi\u1ec3u s\u00e2u s\u1eafc nhu c\u1ea7u c\u1ee7a kh\u00e1ch h\u00e0ng. <br>\nV\u1edbi \u0111\u1ed9i ng\u0169 chuy\u00ean gia gi\u00e0u kinh nghi\u1ec7m v\u00e0 k\u1ef9 n\u0103ng ng\u00f4n ng\u1eef xu\u1ea5t s\u1eafc, SMILE cam k\u1ebft mang \u0111\u1ebfn gi\u00e1 tr\u1ecb t\u1ed1i \u0111a v\u00e0 s\u1ef1 an t\u00e2m tuy\u1ec7t \u0111\u1ed1i cho m\u1ecdi d\u1ef1 \u00e1n.<\/p>\n<\/div>\n\n\n\n<div id=\"wp-block-themeisle-blocks-advanced-column-1a3e76e1\" class=\"wp-block-themeisle-blocks-advanced-column\">\n<figure class=\"wp-block-image size-full\" id=\"wp-block-themeisle-blocks-image-51f92a73\"><img loading=\"lazy\" decoding=\"async\" width=\"1024\" height=\"1024\" src=\"https:\/\/smilesoftware.org\/wp-content\/uploads\/2025\/08\/unnamed.jpg\" alt=\"\" class=\"wp-image-2939\" srcset=\"https:\/\/smilesoftware.org\/wp-content\/uploads\/2025\/08\/unnamed.jpg 1024w, https:\/\/smilesoftware.org\/wp-content\/uploads\/2025\/08\/unnamed-300x300.jpg 300w, https:\/\/smilesoftware.org\/wp-content\/uploads\/2025\/08\/unnamed-150x150.jpg 150w, https:\/\/smilesoftware.org\/wp-content\/uploads\/2025\/08\/unnamed-768x768.jpg 768w, https:\/\/smilesoftware.org\/wp-content\/uploads\/2025\/08\/unnamed-12x12.jpg 12w\" sizes=\"auto, (max-width: 1024px) 100vw, 1024px\" \/><\/figure>\n<\/div>\n<\/div><\/section>\n\n\n\n<hr class=\"wp-block-separator has-text-color has-alpha-channel-opacity has-background\" style=\"background-color:#b0b0b0;color:#b0b0b0\"\/>\n\n\n\n<section id=\"wp-block-themeisle-blocks-advanced-columns-7631bb9c\" class=\"wp-block-themeisle-blocks-advanced-columns has-4-columns has-desktop-equal-layout has-tablet-twoColumnGrid-layout has-mobile-twoColumnGrid-layout has-vertical-flex-start\"><div class=\"wp-block-themeisle-blocks-advanced-columns-overlay\"><\/div><div class=\"innerblocks-wrap\">\n<div id=\"wp-block-themeisle-blocks-advanced-column-8f7db40c\" class=\"wp-block-themeisle-blocks-advanced-column\">\n<figure class=\"wp-block-image size-large\" id=\"wp-block-themeisle-blocks-image-04098f99\"><img loading=\"lazy\" decoding=\"async\" width=\"1024\" height=\"1024\" src=\"https:\/\/smilesoftware.org\/wp-content\/uploads\/2025\/08\/Gemini_Generated_Image_qjbkzgqjbkzgqjbk-1024x1024.jpg\" alt=\"\" class=\"wp-image-2946\" style=\"aspect-ratio:1;object-fit:cover\" srcset=\"https:\/\/smilesoftware.org\/wp-content\/uploads\/2025\/08\/Gemini_Generated_Image_qjbkzgqjbkzgqjbk-1024x1024.jpg 1024w, https:\/\/smilesoftware.org\/wp-content\/uploads\/2025\/08\/Gemini_Generated_Image_qjbkzgqjbkzgqjbk-300x300.jpg 300w, https:\/\/smilesoftware.org\/wp-content\/uploads\/2025\/08\/Gemini_Generated_Image_qjbkzgqjbkzgqjbk-150x150.jpg 150w, https:\/\/smilesoftware.org\/wp-content\/uploads\/2025\/08\/Gemini_Generated_Image_qjbkzgqjbkzgqjbk-768x768.jpg 768w, https:\/\/smilesoftware.org\/wp-content\/uploads\/2025\/08\/Gemini_Generated_Image_qjbkzgqjbkzgqjbk-1536x1536.jpg 1536w, https:\/\/smilesoftware.org\/wp-content\/uploads\/2025\/08\/Gemini_Generated_Image_qjbkzgqjbkzgqjbk-12x12.jpg 12w, https:\/\/smilesoftware.org\/wp-content\/uploads\/2025\/08\/Gemini_Generated_Image_qjbkzgqjbkzgqjbk.jpg 2048w\" sizes=\"auto, (max-width: 1024px) 100vw, 1024px\" \/><\/figure>\n\n\n\n<div style=\"height:16px\" aria-hidden=\"true\" class=\"wp-block-spacer\"><\/div>\n\n\n\n<h3 class=\"wp-block-heading has-text-align-left vi-font-family-text has-text-color has-link-color wp-elements-051d588e0710496ab2476d1c8a6f084d\" style=\"color:#080808;margin-top:0px\">\u0110\u1ea3m b\u1ea3o ch\u1ea5t l\u01b0\u1ee3ng<\/h3>\n\n\n\n<p class=\"has-text-align-left vi-font-family-text has-text-color has-link-color wp-elements-40a88f081925e39cacb4f1f33c1d07be\" style=\"color:#080808\">SMILE cam k\u1ebft cung c\u1ea5p ch\u1ea5t l\u01b0\u1ee3ng cao, \u0111\u1ed3ng th\u1eddi t\u1ed1i \u01b0u h\u00f3a quy tr\u00ecnh v\u00e0 chi ph\u00ed.<\/p>\n<\/div>\n\n\n\n<div id=\"wp-block-themeisle-blocks-advanced-column-d6cd11b2\" class=\"wp-block-themeisle-blocks-advanced-column\">\n<figure class=\"wp-block-image size-large\" id=\"wp-block-themeisle-blocks-image-c6e103b9\"><img loading=\"lazy\" decoding=\"async\" width=\"1024\" height=\"1024\" src=\"https:\/\/smilesoftware.org\/wp-content\/uploads\/2025\/08\/Gemini_Generated_Image_sondrpsondrpsond-1024x1024.jpg\" alt=\"\" class=\"wp-image-2942\" style=\"aspect-ratio:1;object-fit:cover\" srcset=\"https:\/\/smilesoftware.org\/wp-content\/uploads\/2025\/08\/Gemini_Generated_Image_sondrpsondrpsond-1024x1024.jpg 1024w, https:\/\/smilesoftware.org\/wp-content\/uploads\/2025\/08\/Gemini_Generated_Image_sondrpsondrpsond-300x300.jpg 300w, https:\/\/smilesoftware.org\/wp-content\/uploads\/2025\/08\/Gemini_Generated_Image_sondrpsondrpsond-150x150.jpg 150w, https:\/\/smilesoftware.org\/wp-content\/uploads\/2025\/08\/Gemini_Generated_Image_sondrpsondrpsond-768x768.jpg 768w, https:\/\/smilesoftware.org\/wp-content\/uploads\/2025\/08\/Gemini_Generated_Image_sondrpsondrpsond-1536x1536.jpg 1536w, https:\/\/smilesoftware.org\/wp-content\/uploads\/2025\/08\/Gemini_Generated_Image_sondrpsondrpsond-12x12.jpg 12w, https:\/\/smilesoftware.org\/wp-content\/uploads\/2025\/08\/Gemini_Generated_Image_sondrpsondrpsond.jpg 2048w\" sizes=\"auto, (max-width: 1024px) 100vw, 1024px\" \/><\/figure>\n\n\n\n<div style=\"height:16px\" aria-hidden=\"true\" class=\"wp-block-spacer\"><\/div>\n\n\n\n<h3 class=\"wp-block-heading has-text-align-left vi-font-family-text has-text-color has-link-color wp-elements-c06ebfa60bf49e5756a70a4b5ae906b0\" style=\"color:#080808;margin-top:0px\">L\u1ea5y kh\u00e1ch h\u00e0ng l\u00e0m trung t\u00e2m<\/h3>\n\n\n\n<p class=\"has-text-align-left vi-font-family-text has-text-color has-link-color wp-elements-37865eab58cced6b6edf2a34cd100879\" style=\"color:#080808\"> H\u1ed7 tr\u1ee3 ph\u00e1t tri\u1ec3n kinh doanh v\u1edbi t\u00ednh \u1ed5n \u0111\u1ecbnh v\u00e0 chi ph\u00ed c\u1ea1nh tranh.<\/p>\n<\/div>\n\n\n\n<div id=\"wp-block-themeisle-blocks-advanced-column-60bd8709\" class=\"wp-block-themeisle-blocks-advanced-column\">\n<figure class=\"wp-block-image size-large\" id=\"wp-block-themeisle-blocks-image-9bb476bb\"><img loading=\"lazy\" decoding=\"async\" width=\"1024\" height=\"1024\" src=\"https:\/\/smilesoftware.org\/wp-content\/uploads\/2025\/08\/Gemini_Generated_Image_lco5zdlco5zdlco5-1024x1024.jpg\" alt=\"\" class=\"wp-image-2941\" style=\"aspect-ratio:1;object-fit:cover\" srcset=\"https:\/\/smilesoftware.org\/wp-content\/uploads\/2025\/08\/Gemini_Generated_Image_lco5zdlco5zdlco5-1024x1024.jpg 1024w, https:\/\/smilesoftware.org\/wp-content\/uploads\/2025\/08\/Gemini_Generated_Image_lco5zdlco5zdlco5-300x300.jpg 300w, https:\/\/smilesoftware.org\/wp-content\/uploads\/2025\/08\/Gemini_Generated_Image_lco5zdlco5zdlco5-150x150.jpg 150w, https:\/\/smilesoftware.org\/wp-content\/uploads\/2025\/08\/Gemini_Generated_Image_lco5zdlco5zdlco5-768x768.jpg 768w, https:\/\/smilesoftware.org\/wp-content\/uploads\/2025\/08\/Gemini_Generated_Image_lco5zdlco5zdlco5-1536x1536.jpg 1536w, https:\/\/smilesoftware.org\/wp-content\/uploads\/2025\/08\/Gemini_Generated_Image_lco5zdlco5zdlco5-12x12.jpg 12w, https:\/\/smilesoftware.org\/wp-content\/uploads\/2025\/08\/Gemini_Generated_Image_lco5zdlco5zdlco5.jpg 2048w\" sizes=\"auto, (max-width: 1024px) 100vw, 1024px\" \/><\/figure>\n\n\n\n<div style=\"height:16px\" aria-hidden=\"true\" class=\"wp-block-spacer\"><\/div>\n\n\n\n<h3 class=\"wp-block-heading has-text-align-left vi-font-family-text has-text-color has-link-color wp-elements-13501998a6817079ac35ab4e73c17d4f\" style=\"color:#080808;margin-top:0px\">Nh\u00e2n s\u1ef1 \u01b0u t\u00fa<\/h3>\n\n\n\n<p class=\"has-text-align-left vi-font-family-text has-text-color has-link-color wp-elements-520e477ab1bd649bb20842b1765579a9\" style=\"color:#080808\">T\u1ed1t nghi\u1ec7p t\u1eeb c\u00e1c tr\u01b0\u1eddng \u0111\u1ea1i h\u1ecdc h\u00e0ng \u0111\u1ea7u, s\u1edf h\u1eefu ch\u1ee9ng ch\u1ec9 N1, giao ti\u1ebfp ti\u1ebfng Nh\u1eadt tr\u00f4i ch\u1ea3y v\u00e0 l\u00e0m vi\u1ec7c hi\u1ec7u qu\u1ea3.<\/p>\n<\/div>\n\n\n\n<div id=\"wp-block-themeisle-blocks-advanced-column-92179ff4\" class=\"wp-block-themeisle-blocks-advanced-column\">\n<figure class=\"wp-block-image size-large\" id=\"wp-block-themeisle-blocks-image-206a6f0e\"><img loading=\"lazy\" decoding=\"async\" width=\"1024\" height=\"1024\" src=\"https:\/\/smilesoftware.org\/wp-content\/uploads\/2025\/08\/Gemini_Generated_Image_neexvsneexvsneex-1024x1024.jpg\" alt=\"\" class=\"wp-image-2944\" style=\"aspect-ratio:1;object-fit:cover\" srcset=\"https:\/\/smilesoftware.org\/wp-content\/uploads\/2025\/08\/Gemini_Generated_Image_neexvsneexvsneex-1024x1024.jpg 1024w, https:\/\/smilesoftware.org\/wp-content\/uploads\/2025\/08\/Gemini_Generated_Image_neexvsneexvsneex-300x300.jpg 300w, https:\/\/smilesoftware.org\/wp-content\/uploads\/2025\/08\/Gemini_Generated_Image_neexvsneexvsneex-150x150.jpg 150w, https:\/\/smilesoftware.org\/wp-content\/uploads\/2025\/08\/Gemini_Generated_Image_neexvsneexvsneex-768x768.jpg 768w, https:\/\/smilesoftware.org\/wp-content\/uploads\/2025\/08\/Gemini_Generated_Image_neexvsneexvsneex-1536x1536.jpg 1536w, https:\/\/smilesoftware.org\/wp-content\/uploads\/2025\/08\/Gemini_Generated_Image_neexvsneexvsneex-12x12.jpg 12w, https:\/\/smilesoftware.org\/wp-content\/uploads\/2025\/08\/Gemini_Generated_Image_neexvsneexvsneex.jpg 2048w\" sizes=\"auto, (max-width: 1024px) 100vw, 1024px\" \/><\/figure>\n\n\n\n<div style=\"height:16px\" aria-hidden=\"true\" class=\"wp-block-spacer\"><\/div>\n\n\n\n<h3 class=\"wp-block-heading has-text-align-left vi-font-family-text has-text-color has-link-color wp-elements-d771566ed9b1aef008c73365cc8202e0\" style=\"color:#080808;margin-top:0px\">Tinh th\u1ea7n \u0111\u1ed3ng \u0111\u1ed9i &amp; \u0110\u00e0o t\u1ea1o<\/h3>\n\n\n\n<p class=\"has-text-align-left vi-font-family-text has-text-color has-link-color wp-elements-4dc9d609b9507e4e5ff2ef67c97e3e5b\" style=\"color:#080808\">Gi\u00e0u kinh nghi\u1ec7m, g\u1eafn k\u1ebft ch\u1eb7t ch\u1ebd, lu\u00f4n n\u1ed7 l\u1ef1c n\u00e2ng cao k\u1ef9 n\u0103ng.<\/p>\n<\/div>\n<\/div><\/section>\n<\/div>\n<\/div><\/section>\n\n\n\n<hr class=\"wp-block-separator has-text-color has-alpha-channel-opacity has-background\" style=\"background-color:#b0b0b0;color:#b0b0b0\"\/>\n\n\n\n<div id=\"wp-block-themeisle-blocks-advanced-columns-55b78b58\" class=\"wp-block-themeisle-blocks-advanced-columns has-3-columns has-desktop-equal-layout has-tablet-collapsedRows-layout has-mobile-collapsedRows-layout has-vertical-center ticss-c00aadba\"><div class=\"wp-block-themeisle-blocks-advanced-columns-overlay\"><\/div><div class=\"innerblocks-wrap\">\n<div id=\"wp-block-themeisle-blocks-advanced-column-d16eef57\" class=\"wp-block-themeisle-blocks-advanced-column project-card ticss-fded8fd8\"><div class=\"wp-block-image\">\n<figure class=\"aligncenter size-full has-custom-border\"><img loading=\"lazy\" decoding=\"async\" width=\"883\" height=\"422\" src=\"https:\/\/smilesoftware.org\/wp-content\/uploads\/2024\/11\/ATT.png\" alt=\"\" class=\"wp-image-730\" style=\"border-radius:15px;aspect-ratio:16\/9;object-fit:cover\" srcset=\"https:\/\/smilesoftware.org\/wp-content\/uploads\/2024\/11\/ATT.png 883w, https:\/\/smilesoftware.org\/wp-content\/uploads\/2024\/11\/ATT-300x143.png 300w, https:\/\/smilesoftware.org\/wp-content\/uploads\/2024\/11\/ATT-768x367.png 768w\" sizes=\"auto, (max-width: 883px) 100vw, 883px\" \/><\/figure>\n<\/div>\n\n\n<p id=\"wp-block-themeisle-blocks-advanced-heading-af4a6933\" class=\"wp-block-themeisle-blocks-advanced-heading wp-block-themeisle-blocks-advanced-heading-af4a6933 title-card ticss-3d409f25\">Ph\u00e1t tri\u1ec3n di \u0111\u1ed9ng<\/p>\n\n\n\n<h4 class=\"wp-block-heading has-text-align-center project-card-title ticss-b6499942\">Smartphone s\u1eed d\u1ee5ng h\u1ec7 \u0111i\u1ec1u h\u00e0nh Android<\/h4>\n\n\n\n<div id=\"wp-block-themeisle-blocks-icon-list-423836b3\" class=\"wp-block-themeisle-blocks-icon-list\">\n<div id=\"wp-block-themeisle-blocks-icon-list-item-e7077006\" class=\"wp-block-themeisle-blocks-icon-list-item font-14px ticss-e7077006\"><i class=\"fas fa-arrow-right wp-block-themeisle-blocks-icon-list-item-icon\"><\/i><p class=\"wp-block-themeisle-blocks-icon-list-item-content\">Ph\u00e1t tri\u1ec3n t\u00f9y ch\u1ec9nh h\u1ec7 \u0111i\u1ec1u h\u00e0nh Android<\/p><\/div>\n\n\n\n<div id=\"wp-block-themeisle-blocks-icon-list-item-3a433d93\" class=\"wp-block-themeisle-blocks-icon-list-item font-14px\"><i class=\"fas fa-arrow-right wp-block-themeisle-blocks-icon-list-item-icon\"><\/i><p class=\"wp-block-themeisle-blocks-icon-list-item-content\">AT&amp;T\u5411\u3051\u306e\u6700\u9069\u5316\u5b9f\u88c5<\/p><\/div>\n\n\n\n<div id=\"wp-block-themeisle-blocks-icon-list-item-4c3f8e51\" class=\"wp-block-themeisle-blocks-icon-list-item font-14px\"><i class=\"fas fa-arrow-right wp-block-themeisle-blocks-icon-list-item-icon\"><\/i><p class=\"wp-block-themeisle-blocks-icon-list-item-content\">Ph\u00e1t tri\u1ec3n \u1ee9ng d\u1ee5ng ti\u00eau chu\u1ea9n<\/p><\/div>\n<\/div>\n<\/div>\n\n\n\n<div id=\"wp-block-themeisle-blocks-advanced-column-bd1b0b6b\" class=\"wp-block-themeisle-blocks-advanced-column project-card\"><div class=\"wp-block-image\">\n<figure class=\"aligncenter size-full has-custom-border\"><img loading=\"lazy\" decoding=\"async\" width=\"922\" height=\"465\" src=\"https:\/\/smilesoftware.org\/wp-content\/uploads\/2024\/11\/IOT.png\" alt=\"\" class=\"wp-image-729\" style=\"border-radius:15px;aspect-ratio:16\/9;object-fit:cover\" srcset=\"https:\/\/smilesoftware.org\/wp-content\/uploads\/2024\/11\/IOT.png 922w, https:\/\/smilesoftware.org\/wp-content\/uploads\/2024\/11\/IOT-300x151.png 300w, https:\/\/smilesoftware.org\/wp-content\/uploads\/2024\/11\/IOT-768x387.png 768w\" sizes=\"auto, (max-width: 922px) 100vw, 922px\" \/><\/figure>\n<\/div>\n\n\n<p id=\"wp-block-themeisle-blocks-advanced-heading-112ba0b0\" class=\"wp-block-themeisle-blocks-advanced-heading wp-block-themeisle-blocks-advanced-heading-112ba0b0 title-card\">IoT\u30fbNh\u00e0 th\u00f4ng minh<\/p>\n\n\n\n<h4 class=\"wp-block-heading has-text-align-center project-card-title\">Gi\u1ea3i ph\u00e1p nh\u00e0 th\u00f4ng minh<\/h4>\n\n\n\n<div id=\"wp-block-themeisle-blocks-icon-list-1bb65a74\" class=\"wp-block-themeisle-blocks-icon-list\">\n<div id=\"wp-block-themeisle-blocks-icon-list-item-d1be2b29\" class=\"wp-block-themeisle-blocks-icon-list-item font-14px\"><i class=\"fas fa-arrow-right wp-block-themeisle-blocks-icon-list-item-icon\"><\/i><p class=\"wp-block-themeisle-blocks-icon-list-item-content\">Ph\u00e1t tri\u1ec3n h\u1ec7 th\u1ed1ng qu\u1ea3n l\u00fd thi\u1ebft b\u1ecb<\/p><\/div>\n\n\n\n<div id=\"wp-block-themeisle-blocks-icon-list-item-27a83968\" class=\"wp-block-themeisle-blocks-icon-list-item font-14px\"><i class=\"fas fa-arrow-right wp-block-themeisle-blocks-icon-list-item-icon\"><\/i><p class=\"wp-block-themeisle-blocks-icon-list-item-content\">Ph\u00e1t tri\u1ec3n d\u1ecbch v\u1ee5 intercom<\/p><\/div>\n\n\n\n<div id=\"wp-block-themeisle-blocks-icon-list-item-843daae0\" class=\"wp-block-themeisle-blocks-icon-list-item font-14px\"><i class=\"fas fa-arrow-right wp-block-themeisle-blocks-icon-list-item-icon\"><\/i><p class=\"wp-block-themeisle-blocks-icon-list-item-content\">X\u00e2y d\u1ef1ng h\u1ec7 th\u1ed1ng gateway<\/p><\/div>\n<\/div>\n<\/div>\n\n\n\n<div id=\"wp-block-themeisle-blocks-advanced-column-07b3d357\" class=\"wp-block-themeisle-blocks-advanced-column project-card\"><div class=\"wp-block-image\">\n<figure class=\"aligncenter size-full has-custom-border\"><img loading=\"lazy\" decoding=\"async\" width=\"1078\" height=\"607\" src=\"https:\/\/smilesoftware.org\/wp-content\/uploads\/2024\/11\/ICT.png\" alt=\"\" class=\"wp-image-728\" style=\"border-radius:15px;aspect-ratio:16\/9;object-fit:cover\" srcset=\"https:\/\/smilesoftware.org\/wp-content\/uploads\/2024\/11\/ICT.png 1078w, https:\/\/smilesoftware.org\/wp-content\/uploads\/2024\/11\/ICT-300x169.png 300w, https:\/\/smilesoftware.org\/wp-content\/uploads\/2024\/11\/ICT-1024x577.png 1024w, https:\/\/smilesoftware.org\/wp-content\/uploads\/2024\/11\/ICT-768x432.png 768w\" sizes=\"auto, (max-width: 1078px) 100vw, 1078px\" \/><\/figure>\n<\/div>\n\n\n<p id=\"wp-block-themeisle-blocks-advanced-heading-c1dd424b\" class=\"wp-block-themeisle-blocks-advanced-heading wp-block-themeisle-blocks-advanced-heading-c1dd424b title-card\">Gi\u1ea3i ph\u00e1p ICT<\/p>\n\n\n\n<h4 class=\"wp-block-heading has-text-align-center project-card-title\">\u70b9\u691c\u652f\u63f4\u30b7\u30b9\u30c6\u30e0<\/h4>\n\n\n\n<div id=\"wp-block-themeisle-blocks-icon-list-1b98d514\" class=\"wp-block-themeisle-blocks-icon-list\">\n<div id=\"wp-block-themeisle-blocks-icon-list-item-46ce1a5a\" class=\"wp-block-themeisle-blocks-icon-list-item font-14px\"><i class=\"fas fa-arrow-right wp-block-themeisle-blocks-icon-list-item-icon\"><\/i><p class=\"wp-block-themeisle-blocks-icon-list-item-content\">Ph\u00e1t tri\u1ec3n th\u01b0 vi\u1ec7n chuy\u1ec3n \u0111\u1ed5i t\u1ecda \u0111\u1ed9<\/p><\/div>\n\n\n\n<div id=\"wp-block-themeisle-blocks-icon-list-item-b4ac8aac\" class=\"wp-block-themeisle-blocks-icon-list-item font-14px\"><i class=\"fas fa-arrow-right wp-block-themeisle-blocks-icon-list-item-icon\"><\/i><p class=\"wp-block-themeisle-blocks-icon-list-item-content\">Tri\u1ec3n khai ch\u1ee9c n\u0103ng chia s\u1ebb th\u00f4ng tin ki\u1ec3m tra<\/p><\/div>\n\n\n\n<div id=\"wp-block-themeisle-blocks-icon-list-item-a3b25587\" class=\"wp-block-themeisle-blocks-icon-list-item font-14px\"><i class=\"fas fa-arrow-right wp-block-themeisle-blocks-icon-list-item-icon\"><\/i><p class=\"wp-block-themeisle-blocks-icon-list-item-content\">T\u00edch h\u1ee3p v\u1edbi c\u00e1c h\u1ec7 th\u1ed1ng hi\u1ec7n c\u00f3<\/p><\/div>\n<\/div>\n<\/div>\n<\/div><\/div>\n\n\n\n<div class=\"wp-block-cover alignfull\" style=\"min-height:300px;aspect-ratio:unset;\"><span aria-hidden=\"true\" class=\"wp-block-cover__background has-background-dim-100 has-background-dim\" style=\"background-color:#003575\"><\/span><div class=\"wp-block-cover__inner-container is-layout-flow wp-block-cover-is-layout-flow\">\n<div style=\"height:140px\" aria-hidden=\"true\" class=\"wp-block-spacer\"><\/div>\n\n\n\n<div class=\"wp-block-columns is-layout-flex wp-container-core-columns-is-layout-9d6595d7 wp-block-columns-is-layout-flex\">\n<div class=\"wp-block-column is-layout-flow wp-block-column-is-layout-flow\" style=\"flex-basis:100%\">\n<div class=\"wp-block-group\"><div class=\"wp-block-group__inner-container is-layout-constrained wp-block-group-is-layout-constrained\">\n<h2 class=\"wp-block-heading has-text-align-center vi-font-family-text has-nv-text-dark-bg-color has-text-color\">Kh\u01a1i d\u1eady ti\u1ec1m n\u0103ng - Ki\u1ebfn t\u1ea1o t\u01b0\u01a1ng lai<\/h2>\n\n\n\n<p class=\"has-text-align-center ticss-5d29c21e vi-font-family-text has-nv-text-dark-bg-color has-text-color has-link-color wp-elements-fd97bc61a8ef18d813deb24e4a44f5a5\">V\u1edbi t\u1ea7m nh\u00ecn \u201cKh\u01a1i d\u1eady ti\u1ec1m n\u0103ng - Ki\u1ebfn t\u1ea1o t\u01b0\u01a1ng lai\u201d, SMILE cam k\u1ebft \u0111\u1ed3ng h\u00e0nh v\u00e0 t\u1eadn t\u00e2m h\u1ed7 tr\u1ee3 s\u1ef1 ph\u00e1t tri\u1ec3n b\u1ec1n v\u1eefng c\u1ee7a Qu\u00fd kh\u00e1ch h\u00e0ng.<\/p>\n\n\n\n<p class=\"has-text-align-center vi-font-family-text has-nv-text-dark-bg-color has-text-color has-link-color wp-elements-09ff4753d610e02db529d14b5055000b\">H\u00e3y c\u00f9ng nhau \u0111\u1ed3ng h\u00e0nh \u0111\u1ec3 ki\u1ebfn t\u1ea1o n\u00ean m\u1ed9t t\u01b0\u01a1ng lai r\u1ef1c r\u1ee1 v\u00e0 th\u1ecbnh v\u01b0\u1ee3ng h\u01a1n.<\/p>\n\n\n\n<div class=\"wp-block-buttons is-horizontal is-content-justification-center is-layout-flex wp-container-core-buttons-is-layout-499968f5 wp-block-buttons-is-layout-flex\">\n<div class=\"wp-block-button is-style-primary vi-font-family-text\"><a class=\"wp-block-button__link has-neve-link-color-color has-text-color has-background has-link-color wp-element-button\" href=\"https:\/\/smilesoftware.org\/vn\/contact\/\" style=\"background-color:#ffffff\">Li\u00ean h\u1ec7<\/a><\/div>\n<\/div>\n<\/div><\/div>\n<\/div>\n<\/div>\n\n\n\n<div style=\"height:140px\" aria-hidden=\"true\" class=\"wp-block-spacer\"><\/div>\n<\/div><\/div>","protected":false},"excerpt":{"rendered":"<p>L\u1ee3i \u00edch c\u1ee7a SMILE<\/p>","protected":false},"author":1,"featured_media":0,"parent":0,"menu_order":0,"comment_status":"closed","ping_status":"closed","template":"","meta":{"_acf_changed":false,"neve_meta_sidebar":"","neve_meta_container":"","neve_meta_enable_content_width":"","neve_meta_content_width":0,"neve_meta_title_alignment":"","neve_meta_author_avatar":"","neve_post_elements_order":"","neve_meta_disable_header":"","neve_meta_disable_footer":"","neve_meta_disable_title":"on","_price":"","_stock":"","_tribe_ticket_header":"","_tribe_default_ticket_provider":"","_ticket_start_date":"","_ticket_end_date":"","_tribe_ticket_show_description":"","_tribe_ticket_show_not_going":false,"_tribe_ticket_use_global_stock":"","_tribe_ticket_global_stock_level":"","_global_stock_mode":"","_global_stock_cap":"","_tribe_rsvp_for_event":"","_tribe_ticket_going_count":"","_tribe_ticket_not_going_count":"","_tribe_tickets_list":"[]","_tribe_ticket_has_attendee_info_fields":false,"_themeisle_gutenberg_block_has_review":false,"_ti_tpc_template_sync":false,"_ti_tpc_template_id":"","footnotes":"","_tec_slr_enabled":"","_tec_slr_layout":""},"class_list":["post-168","page","type-page","status-publish","hentry"],"acf":[],"rttpg_featured_image_url":null,"rttpg_author":{"display_name":"admin","author_link":"https:\/\/smilesoftware.org\/vn\/author\/admin\/"},"rttpg_comment":0,"rttpg_category":null,"rttpg_excerpt":"SMILE\u306e\u30e1\u30ea\u30c3\u30c8","ticketed":false,"_links":{"self":[{"href":"https:\/\/smilesoftware.org\/vn\/wp-json\/wp\/v2\/pages\/168","targetHints":{"allow":["GET"]}}],"collection":[{"href":"https:\/\/smilesoftware.org\/vn\/wp-json\/wp\/v2\/pages"}],"about":[{"href":"https:\/\/smilesoftware.org\/vn\/wp-json\/wp\/v2\/types\/page"}],"author":[{"embeddable":true,"href":"https:\/\/smilesoftware.org\/vn\/wp-json\/wp\/v2\/users\/1"}],"replies":[{"embeddable":true,"href":"https:\/\/smilesoftware.org\/vn\/wp-json\/wp\/v2\/comments?post=168"}],"version-history":[{"count":35,"href":"https:\/\/smilesoftware.org\/vn\/wp-json\/wp\/v2\/pages\/168\/revisions"}],"predecessor-version":[{"id":2966,"href":"https:\/\/smilesoftware.org\/vn\/wp-json\/wp\/v2\/pages\/168\/revisions\/2966"}],"wp:attachment":[{"href":"https:\/\/smilesoftware.org\/vn\/wp-json\/wp\/v2\/media?parent=168"}],"curies":[{"name":"wp","href":"https:\/\/api.w.org\/{rel}","templated":true}]}}